{"id":20148,"date":"2026-04-17T11:10:13","date_gmt":"2026-04-17T09:10:13","guid":{"rendered":"https:\/\/aref-rvsf.ch\/?page_id=20148"},"modified":"2026-04-17T14:15:57","modified_gmt":"2026-04-17T12:15:57","slug":"agenda-2026","status":"publish","type":"page","link":"https:\/\/aref-rvsf.ch\/fr\/agenda-2026\/","title":{"rendered":"Agenda 2026"},"content":{"rendered":"<p>[et_pb_section fb_built=\u00a0\u00bb1&Prime; admin_label=\u00a0\u00bbsection\u00a0\u00bb _builder_version=\u00a0\u00bb4.16&Prime; min_height=\u00a0\u00bb785.5px\u00a0\u00bb global_colors_info=\u00a0\u00bb{}\u00a0\u00bb][et_pb_row admin_label=\u00a0\u00bbrow\u00a0\u00bb _builder_version=\u00a0\u00bb4.16&Prime; background_size=\u00a0\u00bbinitial\u00a0\u00bb background_position=\u00a0\u00bbtop_left\u00a0\u00bb background_repeat=\u00a0\u00bbrepeat\u00a0\u00bb global_colors_info=\u00a0\u00bb{}\u00a0\u00bb][et_pb_column type=\u00a0\u00bb4_4&Prime; _builder_version=\u00a0\u00bb4.16&Prime; custom_padding=\u00a0\u00bb|||\u00a0\u00bb global_colors_info=\u00a0\u00bb{}\u00a0\u00bb custom_padding__hover=\u00a0\u00bb|||\u00a0\u00bb][et_pb_text _builder_version=\u00a0\u00bb4.27.0&Prime; _module_preset=\u00a0\u00bbdefault\u00a0\u00bb text_text_color=\u00a0\u00bb#0C71C3&Prime; text_font_size=\u00a0\u00bb18px\u00a0\u00bb hover_enabled=\u00a0\u00bb0&Prime; global_colors_info=\u00a0\u00bb{}\u00a0\u00bb sticky_enabled=\u00a0\u00bb0&Prime;]<\/p>\n<h2><strong>Agenda 2026<\/strong><\/h2>\n<p>[\/et_pb_text][et_pb_text _builder_version=\u00a0\u00bb4.27.0&Prime; _module_preset=\u00a0\u00bbdefault\u00a0\u00bb text_font_size=\u00a0\u00bb18px\u00a0\u00bb hover_enabled=\u00a0\u00bb0&Prime; global_colors_info=\u00a0\u00bb{}\u00a0\u00bb sticky_enabled=\u00a0\u00bb0&Prime;]<\/p>\n<p>&nbsp;<\/p>\n<p><strong>Match aux cartes <\/strong>: 29 avril 2026<\/p>\n<p><strong>Match aux cartes <\/strong>: 17 mai 2026<\/p>\n<p><strong>Assembl\u00e9e g\u00e9n\u00e9rale : <\/strong>mercredi 3 juin 2026<\/p>\n<p><strong>Match aux cartes <\/strong>: 17 juin 2026<\/p>\n<p><strong>Pique-Nique : <\/strong>mercredi 5 ao\u00fbt 2026<\/p>\n<p><strong>Course annuelle :<\/strong> mercredi 9 septembre 2026<strong><\/strong><\/p>\n<p><strong>Repas de No\u00ebl<\/strong> : mardi 1er d\u00e9cembre 2026<\/p>\n<p>[\/et_pb_text][\/et_pb_column][\/et_pb_row][\/et_pb_section]<\/p>\n","protected":false},"excerpt":{"rendered":"<p>Agenda 2026&nbsp; Match aux cartes : 29 avril 2026 Match aux cartes : 17 mai 2026 Assembl\u00e9e g\u00e9n\u00e9rale : mercredi 3 juin 2026 Match aux cartes : 17 juin 2026 Pique-Nique : mercredi 5 ao\u00fbt 2026 Course annuelle : mercredi 9 septembre 2026 Repas de No\u00ebl : mardi 1er d\u00e9cembre 2026<\/p>\n","protected":false},"author":2,"featured_media":0,"parent":0,"menu_order":0,"comment_status":"closed","ping_status":"closed","template":"","meta":{"_et_pb_use_builder":"on","_et_pb_old_content":"<div class=\"et_pb_module et_pb_text et_pb_text_2 et_pb_text_align_left et_pb_bg_layout_light\">\r\n<div class=\"et_pb_text_inner\">\r\n<h1><a style=\"font-size: 14px;\" href=\"https:\/\/aref-rvsf.ch\/fr\/match-aux-cartes\/\" target=\"_blank\" rel=\"noopener\">Match aux cartes<\/a><\/h1>\r\n<\/div>\r\n<\/div>\r\n<div class=\"et_pb_module et_pb_text et_pb_text_3 et_pb_text_align_left et_pb_bg_layout_light\">\r\n<div class=\"et_pb_text_inner\">\r\n\r\nMercredi 17 janvier 2024\r\nMercredi 21 f\u00e9vrier 2024\r\nMercredi 13 mars 2024\r\nMercredi 17 avril 2024\r\nMercredi 15 mai 2024\r\nMercredi 19 juin 2024\r\n\r\n<\/div>\r\n<\/div>\r\n<div class=\"et_pb_module et_pb_text et_pb_text_4 et_pb_text_align_left et_pb_bg_layout_light\">\r\n<div class=\"et_pb_text_inner\">\r\n\r\nMercredi\u00a0 5 juin 2024 : Assembl\u00e9e g\u00e9n\u00e9rale\r\n\r\nMercredi\u00a0 7 ao\u00fbt 2024 : Pique-nique\r\n\r\nMercredi 11 septembre 2024 : Sortie annuelle\r\n\r\n<\/div>\r\n<\/div>","_et_gb_content_width":"","footnotes":""},"class_list":["post-20148","page","type-page","status-publish","hentry"],"_links":{"self":[{"href":"https:\/\/aref-rvsf.ch\/fr\/wp-json\/wp\/v2\/pages\/20148"}],"collection":[{"href":"https:\/\/aref-rvsf.ch\/fr\/wp-json\/wp\/v2\/pages"}],"about":[{"href":"https:\/\/aref-rvsf.ch\/fr\/wp-json\/wp\/v2\/types\/page"}],"author":[{"embeddable":true,"href":"https:\/\/aref-rvsf.ch\/fr\/wp-json\/wp\/v2\/users\/2"}],"replies":[{"embeddable":true,"href":"https:\/\/aref-rvsf.ch\/fr\/wp-json\/wp\/v2\/comments?post=20148"}],"version-history":[{"count":6,"href":"https:\/\/aref-rvsf.ch\/fr\/wp-json\/wp\/v2\/pages\/20148\/revisions"}],"predecessor-version":[{"id":20960,"href":"https:\/\/aref-rvsf.ch\/fr\/wp-json\/wp\/v2\/pages\/20148\/revisions\/20960"}],"wp:attachment":[{"href":"https:\/\/aref-rvsf.ch\/fr\/wp-json\/wp\/v2\/media?parent=20148"}],"curies":[{"name":"wp","href":"https:\/\/api.w.org\/{rel}","templated":true}]}}