{"id":19507,"date":"2025-12-08T09:10:37","date_gmt":"2025-12-08T08:10:37","guid":{"rendered":"https:\/\/aref-rvsf.ch\/?page_id=19507"},"modified":"2025-12-11T15:44:24","modified_gmt":"2025-12-11T14:44:24","slug":"photos-2025","status":"publish","type":"page","link":"https:\/\/aref-rvsf.ch\/fr\/photos-2025\/","title":{"rendered":"Photos 2025"},"content":{"rendered":"<p>[et_pb_section fb_built=\u00a0\u00bb1&Prime; _builder_version=\u00a0\u00bb4.24.2&Prime; _module_preset=\u00a0\u00bbdefault\u00a0\u00bb min_height=\u00a0\u00bb798.4px\u00a0\u00bb global_colors_info=\u00a0\u00bb{}\u00a0\u00bb][et_pb_row _builder_version=\u00a0\u00bb4.27.0&Prime; _module_preset=\u00a0\u00bbdefault\u00a0\u00bb global_colors_info=\u00a0\u00bb{}\u00a0\u00bb][et_pb_column type=\u00a0\u00bb4_4&Prime; _builder_version=\u00a0\u00bb4.27.0&Prime; _module_preset=\u00a0\u00bbdefault\u00a0\u00bb global_colors_info=\u00a0\u00bb{}\u00a0\u00bb][et_pb_text _builder_version=\u00a0\u00bb4.27.0&Prime; _module_preset=\u00a0\u00bbdefault\u00a0\u00bb global_colors_info=\u00a0\u00bb{}\u00a0\u00bb]<\/p>\n<h1>Galerie Photo<\/h1>\n<p>[\/et_pb_text][et_pb_text _builder_version=\u00a0\u00bb4.27.0&Prime; _module_preset=\u00a0\u00bbdefault\u00a0\u00bb global_colors_info=\u00a0\u00bb{}\u00a0\u00bb]<\/p>\n<p>L\u2019AREF est soumise \u00e0 la loi sur la protection des donn\u00e9es et des personnes. Si un membre ne souhaite pas qu&rsquo;une photo prise lors d\u2019une de nos manifestations soit publi\u00e9e sur notre site web, il est invit\u00e9 \u00e0 informer le webmaster par la page <a href=\"https:\/\/aref-rvsf.ch\/fr\/bienvenue\/contact\/\" target=\"_blank\" rel=\"noopener\">\u00abContact\u00bb<\/a> de notre site.<\/p>\n<p>[\/et_pb_text][\/et_pb_column][\/et_pb_row][et_pb_row column_structure=\u00a0\u00bb1_4,1_4,1_4,1_4&Prime; _builder_version=\u00a0\u00bb4.24.2&Prime; _module_preset=\u00a0\u00bbdefault\u00a0\u00bb global_colors_info=\u00a0\u00bb{}\u00a0\u00bb][et_pb_column type=\u00a0\u00bb1_4&Prime; _builder_version=\u00a0\u00bb4.24.2&Prime; _module_preset=\u00a0\u00bbdefault\u00a0\u00bb global_colors_info=\u00a0\u00bb{}\u00a0\u00bb][et_pb_image src=\u00a0\u00bbhttps:\/\/aref-rvsf.ch\/wp-content\/uploads\/2025\/06\/grangeneuve-Modifier-copie.jpg\u00a0\u00bb title_text=\u00a0\u00bbgrangeneuve-Modifier copie\u00a0\u00bb url=\u00a0\u00bbhttps:\/\/photos.aref-rvsf.ch\/ag2025\/#\u00a0\u00bb url_new_window=\u00a0\u00bbon\u00a0\u00bb _builder_version=\u00a0\u00bb4.27.0&Prime; _module_preset=\u00a0\u00bbdefault\u00a0\u00bb global_colors_info=\u00a0\u00bb{}\u00a0\u00bb][\/et_pb_image][\/et_pb_column][et_pb_column type=\u00a0\u00bb1_4&Prime; _builder_version=\u00a0\u00bb4.24.2&Prime; _module_preset=\u00a0\u00bbdefault\u00a0\u00bb global_colors_info=\u00a0\u00bb{}\u00a0\u00bb][et_pb_image src=\u00a0\u00bbhttps:\/\/aref-rvsf.ch\/wp-content\/uploads\/2025\/08\/titre-2025-scaled.jpg\u00a0\u00bb title_text=\u00a0\u00bbtitre-2025&Prime; url=\u00a0\u00bbhttps:\/\/photos.aref-rvsf.ch\/pique-nique-2025\/\u00a0\u00bb url_new_window=\u00a0\u00bbon\u00a0\u00bb _builder_version=\u00a0\u00bb4.27.0&Prime; _module_preset=\u00a0\u00bbdefault\u00a0\u00bb global_colors_info=\u00a0\u00bb{}\u00a0\u00bb][\/et_pb_image][\/et_pb_column][et_pb_column type=\u00a0\u00bb1_4&Prime; _builder_version=\u00a0\u00bb4.24.2&Prime; _module_preset=\u00a0\u00bbdefault\u00a0\u00bb global_colors_info=\u00a0\u00bb{}\u00a0\u00bb][et_pb_image src=\u00a0\u00bbhttps:\/\/aref-rvsf.ch\/wp-content\/uploads\/2025\/09\/Brenets-2025.jpg\u00a0\u00bb title_text=\u00a0\u00bbBrenets-2025&Prime; url=\u00a0\u00bbhttps:\/\/photos.aref-rvsf.ch\/brenets\/#\u00a0\u00bb url_new_window=\u00a0\u00bbon\u00a0\u00bb _builder_version=\u00a0\u00bb4.27.0&Prime; _module_preset=\u00a0\u00bbdefault\u00a0\u00bb min_height=\u00a0\u00bb170.4px\u00a0\u00bb custom_margin=\u00a0\u00bb||24px|||\u00a0\u00bb global_colors_info=\u00a0\u00bb{}\u00a0\u00bb][\/et_pb_image][\/et_pb_column][et_pb_column type=\u00a0\u00bb1_4&Prime; _builder_version=\u00a0\u00bb4.24.2&Prime; _module_preset=\u00a0\u00bbdefault\u00a0\u00bb global_colors_info=\u00a0\u00bb{}\u00a0\u00bb][et_pb_image src=\u00a0\u00bbhttps:\/\/aref-rvsf.ch\/wp-content\/uploads\/2025\/12\/Titre-Noel-scaled.jpg\u00a0\u00bb title_text=\u00a0\u00bbTitre No\u00ebl\u00a0\u00bb url=\u00a0\u00bbhttps:\/\/photos.aref-rvsf.ch\/noel2025&Prime; url_new_window=\u00a0\u00bbon\u00a0\u00bb _builder_version=\u00a0\u00bb4.27.0&Prime; _module_preset=\u00a0\u00bbdefault\u00a0\u00bb global_colors_info=\u00a0\u00bb{}\u00a0\u00bb][\/et_pb_image][\/et_pb_column][\/et_pb_row][\/et_pb_section]<\/p>\n","protected":false},"excerpt":{"rendered":"<p>Galerie PhotoL\u2019AREF est soumise \u00e0 la loi sur la protection des donn\u00e9es et des personnes. Si un membre ne souhaite pas qu&rsquo;une photo prise lors d\u2019une de nos manifestations soit publi\u00e9e sur notre site web, il est invit\u00e9 \u00e0 informer le webmaster par la page \u00abContact\u00bb de notre site.<\/p>\n","protected":false},"author":2,"featured_media":0,"parent":0,"menu_order":0,"comment_status":"closed","ping_status":"closed","template":"","meta":{"_et_pb_use_builder":"on","_et_pb_old_content":"","_et_gb_content_width":"","footnotes":""},"class_list":["post-19507","page","type-page","status-publish","hentry"],"_links":{"self":[{"href":"https:\/\/aref-rvsf.ch\/fr\/wp-json\/wp\/v2\/pages\/19507"}],"collection":[{"href":"https:\/\/aref-rvsf.ch\/fr\/wp-json\/wp\/v2\/pages"}],"about":[{"href":"https:\/\/aref-rvsf.ch\/fr\/wp-json\/wp\/v2\/types\/page"}],"author":[{"embeddable":true,"href":"https:\/\/aref-rvsf.ch\/fr\/wp-json\/wp\/v2\/users\/2"}],"replies":[{"embeddable":true,"href":"https:\/\/aref-rvsf.ch\/fr\/wp-json\/wp\/v2\/comments?post=19507"}],"version-history":[{"count":16,"href":"https:\/\/aref-rvsf.ch\/fr\/wp-json\/wp\/v2\/pages\/19507\/revisions"}],"predecessor-version":[{"id":20511,"href":"https:\/\/aref-rvsf.ch\/fr\/wp-json\/wp\/v2\/pages\/19507\/revisions\/20511"}],"wp:attachment":[{"href":"https:\/\/aref-rvsf.ch\/fr\/wp-json\/wp\/v2\/media?parent=19507"}],"curies":[{"name":"wp","href":"https:\/\/api.w.org\/{rel}","templated":true}]}}