{"id":18570,"date":"2025-07-09T10:19:38","date_gmt":"2025-07-09T08:19:38","guid":{"rendered":"https:\/\/aref-rvsf.ch\/?page_id=18570"},"modified":"2025-07-09T18:52:52","modified_gmt":"2025-07-09T16:52:52","slug":"inscription-2","status":"publish","type":"page","link":"https:\/\/aref-rvsf.ch\/fr\/inscription-2\/","title":{"rendered":"Inscription"},"content":{"rendered":"<p>[et_pb_section fb_built=\u00a0\u00bb1&Prime; _builder_version=\u00a0\u00bb4.27.0&Prime; _module_preset=\u00a0\u00bbdefault\u00a0\u00bb global_colors_info=\u00a0\u00bb{}\u00a0\u00bb][et_pb_row admin_label=\u00a0\u00bbLigne\u00a0\u00bb _builder_version=\u00a0\u00bb4.27.0&Prime; _module_preset=\u00a0\u00bbdefault\u00a0\u00bb global_colors_info=\u00a0\u00bb{}\u00a0\u00bb][et_pb_column type=\u00a0\u00bb4_4&Prime; _builder_version=\u00a0\u00bb4.27.0&Prime; _module_preset=\u00a0\u00bbdefault\u00a0\u00bb global_colors_info=\u00a0\u00bb{}\u00a0\u00bb][et_pb_text _builder_version=\u00a0\u00bb4.27.0&Prime; _module_preset=\u00a0\u00bbdefault\u00a0\u00bb global_colors_info=\u00a0\u00bb{}\u00a0\u00bb]<\/p>\n<h1>Inscription \u00e0 l&rsquo;AREF<\/h1>\n<p>[\/et_pb_text][et_pb_text admin_label=\u00a0\u00bbTexte\u00a0\u00bb _builder_version=\u00a0\u00bb4.27.0&Prime; _module_preset=\u00a0\u00bbdefault\u00a0\u00bb text_font_size=\u00a0\u00bb18px\u00a0\u00bb hover_enabled=\u00a0\u00bb0&Prime; global_colors_info=\u00a0\u00bb{}\u00a0\u00bb sticky_enabled=\u00a0\u00bb0&Prime;]<\/p>\n<p>Chers et ch\u00e8res futurs coll\u00e8gues retrait\u00e9s-es,<\/p>\n<p>Comme vous l\u2019avez appris, les anciens collaborateurs et anciennes collaboratrices de l\u2019Etat de Fribourg sont regroup\u00e9s dans une association fond\u00e9e le 4 septembre 1943 qui a pour but d\u2019entretenir entres ses membres des liens d\u2019amiti\u00e9 et de solidarit\u00e9. Elle s\u2019efforce d\u2019\u00eatre le porte-parole des retrait\u00e9s-es face \u00e0 l\u2019opinion publique et aux autorit\u00e9s et de d\u00e9fendre les int\u00e9r\u00eats sociaux, culturels et \u00e9conomiques de ses membres.<\/p>\n<p>Notre association AREF est membre collectif de la <a href=\"https:\/\/www.ffr-frv.ch\/\" target=\"_blank\" rel=\"noreferrer noopener\">F\u00e9d\u00e9ration fribourgeoise des retrait\u00e9s<\/a> (FFR) et par l\u00e0-m\u00eame du <a href=\"https:\/\/ssr-csa.ch\/fr\/home\/\" target=\"_blank\" rel=\"noreferrer noopener\">Conseil suisse des a\u00een\u00e9s<\/a>. En vertu de l\u2019adage \u201cL\u2019UNION FAIT LA FORCE\u201d nous vous invitons vivement \u00e0 nous rejoindre en remplissant le bulletin d\u2019inscription ci-dessous.<\/p>\n<p>Votre comit\u00e9<\/p>\n\n<div class=\"wpcf7 no-js\" id=\"wpcf7-f3773-o1\" lang=\"fr-FR\" dir=\"ltr\" data-wpcf7-id=\"3773\">\n<div class=\"screen-reader-response\"><p role=\"status\" aria-live=\"polite\" aria-atomic=\"true\"><\/p> <ul><\/ul><\/div>\n<form action=\"\/fr\/wp-json\/wp\/v2\/pages\/18570#wpcf7-f3773-o1\" method=\"post\" class=\"wpcf7-form init\" aria-label=\"Formulaire de contact\" novalidate=\"novalidate\" data-status=\"init\">\n<div style=\"display: none;\">\n<input type=\"hidden\" name=\"_wpcf7\" value=\"3773\" \/>\n<input type=\"hidden\" name=\"_wpcf7_version\" value=\"6.0.6\" \/>\n<input type=\"hidden\" name=\"_wpcf7_locale\" value=\"fr_FR\" \/>\n<input type=\"hidden\" name=\"_wpcf7_unit_tag\" value=\"wpcf7-f3773-o1\" \/>\n<input type=\"hidden\" name=\"_wpcf7_container_post\" value=\"0\" \/>\n<input type=\"hidden\" name=\"_wpcf7_posted_data_hash\" value=\"\" \/>\n<input type=\"hidden\" name=\"_wpcf7_recaptcha_response\" value=\"\" \/>\n<\/div>\n<p><label> Nom<br \/>\n<span class=\"wpcf7-form-control-wrap\" data-name=\"last-name\"><input size=\"40\" maxlength=\"400\" class=\"wpcf7-form-control wpcf7-text wpcf7-validates-as-required\" aria-required=\"true\" aria-invalid=\"false\" value=\"\" type=\"text\" name=\"last-name\" \/><\/span> <\/label>\n<\/p>\n<p><label> Pr\u00e9nom<br \/>\n<span class=\"wpcf7-form-control-wrap\" data-name=\"first-name\"><input size=\"40\" maxlength=\"400\" class=\"wpcf7-form-control wpcf7-text wpcf7-validates-as-required\" aria-required=\"true\" aria-invalid=\"false\" value=\"\" type=\"text\" name=\"first-name\" \/><\/span> <\/label>\n<\/p>\n<p><label> Date effective de la retraite<br \/>\n<span class=\"wpcf7-form-control-wrap\" data-name=\"retirement-date\"><input size=\"40\" maxlength=\"400\" class=\"wpcf7-form-control wpcf7-text wpcf7-validates-as-required\" aria-required=\"true\" aria-invalid=\"false\" value=\"\" type=\"text\" name=\"retirement-date\" \/><\/span> <\/label>\n<\/p>\n<p><label> Activit\u00e9 au service de l'Etat<br \/>\n<span class=\"wpcf7-form-control-wrap\" data-name=\"activity\"><input size=\"40\" maxlength=\"400\" class=\"wpcf7-form-control wpcf7-text wpcf7-validates-as-required\" aria-required=\"true\" aria-invalid=\"false\" value=\"\" type=\"text\" name=\"activity\" \/><\/span> <\/label>\n<\/p>\n<p><label> Date de naissance<br \/>\n<span class=\"wpcf7-form-control-wrap\" data-name=\"birth-date\"><input size=\"40\" maxlength=\"400\" class=\"wpcf7-form-control wpcf7-text wpcf7-validates-as-required\" aria-required=\"true\" aria-invalid=\"false\" value=\"\" type=\"text\" name=\"birth-date\" \/><\/span> <\/label>\n<\/p>\n<p><label> Adresse de messagerie<br \/>\n<span class=\"wpcf7-form-control-wrap\" data-name=\"email\"><input size=\"40\" maxlength=\"400\" class=\"wpcf7-form-control wpcf7-email wpcf7-validates-as-required wpcf7-text wpcf7-validates-as-email\" aria-required=\"true\" aria-invalid=\"false\" value=\"\" type=\"email\" name=\"email\" \/><\/span> <\/label>\n<\/p>\n<p><label> Num\u00e9ro de t\u00e9l\u00e9phone<br \/>\n<span class=\"wpcf7-form-control-wrap\" data-name=\"phone\"><input size=\"40\" maxlength=\"400\" class=\"wpcf7-form-control wpcf7-text wpcf7-validates-as-required\" aria-required=\"true\" aria-invalid=\"false\" value=\"\" type=\"text\" name=\"phone\" \/><\/span> <\/label>\n<\/p>\n<p><label> Adresse<br \/>\n<span class=\"wpcf7-form-control-wrap\" data-name=\"address\"><input size=\"40\" maxlength=\"400\" class=\"wpcf7-form-control wpcf7-text wpcf7-validates-as-required\" aria-required=\"true\" aria-invalid=\"false\" value=\"\" type=\"text\" name=\"address\" \/><\/span> <\/label>\n<\/p>\n<p><label> NP<br \/>\n<span class=\"wpcf7-form-control-wrap\" data-name=\"postcode\"><input size=\"40\" maxlength=\"400\" class=\"wpcf7-form-control wpcf7-text wpcf7-validates-as-required\" aria-required=\"true\" aria-invalid=\"false\" value=\"\" type=\"text\" name=\"postcode\" \/><\/span> <\/label>\n<\/p>\n<p><label> Localit\u00e9<br \/>\n<span class=\"wpcf7-form-control-wrap\" data-name=\"location\"><input size=\"40\" maxlength=\"400\" class=\"wpcf7-form-control wpcf7-text wpcf7-validates-as-required\" aria-required=\"true\" aria-invalid=\"false\" value=\"\" type=\"text\" name=\"location\" \/><\/span> <\/label>\n<\/p>\n<p><label> Commentaire<br \/>\n<span class=\"wpcf7-form-control-wrap\" data-name=\"comment\"><input size=\"40\" maxlength=\"400\" class=\"wpcf7-form-control wpcf7-text\" aria-invalid=\"false\" value=\"\" type=\"text\" name=\"comment\" \/><\/span> <\/label>\n<\/p>\n<p><input class=\"wpcf7-form-control wpcf7-submit has-spinner\" type=\"submit\" value=\"Envoyer\" \/>\n<\/p><p style=\"display: none !important;\" class=\"akismet-fields-container\" data-prefix=\"_wpcf7_ak_\"><label>&#916;<textarea name=\"_wpcf7_ak_hp_textarea\" cols=\"45\" rows=\"8\" maxlength=\"100\"><\/textarea><\/label><input type=\"hidden\" id=\"ak_js_1\" name=\"_wpcf7_ak_js\" value=\"231\"\/><script type=\"text\/javascript\">\n\/* <![CDATA[ *\/\ndocument.getElementById( \"ak_js_1\" ).setAttribute( \"value\", ( new Date() ).getTime() );\n\/* ]]> *\/\n<\/script>\n<\/p><div class=\"wpcf7-response-output\" aria-hidden=\"true\"><\/div>\n<\/form>\n<\/div>\n\n<p>&nbsp;<\/p>\n<p>[\/et_pb_text][\/et_pb_column][\/et_pb_row][\/et_pb_section]<\/p>\n","protected":false},"excerpt":{"rendered":"<p>Inscription \u00e0 l&rsquo;AREFChers et ch\u00e8res futurs coll\u00e8gues retrait\u00e9s-es, Comme vous l\u2019avez appris, les anciens collaborateurs et anciennes collaboratrices de l\u2019Etat de Fribourg sont regroup\u00e9s dans une association fond\u00e9e le 4 septembre 1943 qui a pour but d\u2019entretenir entres ses membres des liens d\u2019amiti\u00e9 et de solidarit\u00e9. Elle s\u2019efforce d\u2019\u00eatre le porte-parole des retrait\u00e9s-es face \u00e0 [&hellip;]<\/p>\n","protected":false},"author":2,"featured_media":0,"parent":0,"menu_order":0,"comment_status":"closed","ping_status":"closed","template":"","meta":{"_et_pb_use_builder":"on","_et_pb_old_content":"","_et_gb_content_width":"","footnotes":""},"class_list":["post-18570","page","type-page","status-publish","hentry"],"_links":{"self":[{"href":"https:\/\/aref-rvsf.ch\/fr\/wp-json\/wp\/v2\/pages\/18570"}],"collection":[{"href":"https:\/\/aref-rvsf.ch\/fr\/wp-json\/wp\/v2\/pages"}],"about":[{"href":"https:\/\/aref-rvsf.ch\/fr\/wp-json\/wp\/v2\/types\/page"}],"author":[{"embeddable":true,"href":"https:\/\/aref-rvsf.ch\/fr\/wp-json\/wp\/v2\/users\/2"}],"replies":[{"embeddable":true,"href":"https:\/\/aref-rvsf.ch\/fr\/wp-json\/wp\/v2\/comments?post=18570"}],"version-history":[{"count":6,"href":"https:\/\/aref-rvsf.ch\/fr\/wp-json\/wp\/v2\/pages\/18570\/revisions"}],"predecessor-version":[{"id":18589,"href":"https:\/\/aref-rvsf.ch\/fr\/wp-json\/wp\/v2\/pages\/18570\/revisions\/18589"}],"wp:attachment":[{"href":"https:\/\/aref-rvsf.ch\/fr\/wp-json\/wp\/v2\/media?parent=18570"}],"curies":[{"name":"wp","href":"https:\/\/api.w.org\/{rel}","templated":true}]}}