{"id":1764,"date":"2020-01-13T13:53:22","date_gmt":"2020-01-13T12:53:22","guid":{"rendered":"https:\/\/new.aref-rvsf.ch\/?page_id=1764"},"modified":"2022-10-27T19:00:28","modified_gmt":"2022-10-27T17:00:28","slug":"liens","status":"publish","type":"page","link":"https:\/\/aref-rvsf.ch\/fr\/liens\/","title":{"rendered":"Liens"},"content":{"rendered":"<p>[et_pb_section fb_built=\u00a0\u00bb1&Prime; _builder_version=\u00a0\u00bb4.16&Prime; global_colors_info=\u00a0\u00bb{}\u00a0\u00bb][et_pb_row _builder_version=\u00a0\u00bb4.16&Prime; background_size=\u00a0\u00bbinitial\u00a0\u00bb background_position=\u00a0\u00bbtop_left\u00a0\u00bb background_repeat=\u00a0\u00bbrepeat\u00a0\u00bb global_colors_info=\u00a0\u00bb{}\u00a0\u00bb][et_pb_column type=\u00a0\u00bb4_4&Prime; _builder_version=\u00a0\u00bb4.16&Prime; custom_padding=\u00a0\u00bb|||\u00a0\u00bb global_colors_info=\u00a0\u00bb{}\u00a0\u00bb custom_padding__hover=\u00a0\u00bb|||\u00a0\u00bb][et_pb_text _builder_version=\u00a0\u00bb4.18.0&Prime; text_font_size=\u00a0\u00bb18px\u00a0\u00bb background_size=\u00a0\u00bbinitial\u00a0\u00bb background_position=\u00a0\u00bbtop_left\u00a0\u00bb background_repeat=\u00a0\u00bbrepeat\u00a0\u00bb hover_enabled=\u00a0\u00bb0&Prime; global_colors_info=\u00a0\u00bb{}\u00a0\u00bb sticky_enabled=\u00a0\u00bb0&Prime;]<\/p>\n<p><!-- divi:paragraph {\"style\":{\"typography\":{\"fontSize\":18}}} --><\/p>\n<p><a href=\"https:\/\/www.alzheimer-schweiz.ch\/fr\/fribourg\/home\" target=\"_blank\" rel=\"noreferrer noopener\">Alzheimer Fribourg<\/a><\/p>\n<p><a aria-label=\" (s\u2019ouvre dans un nouvel onglet)\" href=\"https:\/\/www.alzheimer-schweiz.ch\/fr\" target=\"_blank\" rel=\"noreferrer noopener\">Alzheimer Suisse<\/a><\/p>\n<p><a aria-label=\" (s\u2019ouvre dans un nouvel onglet)\" href=\"https:\/\/www.fr.ch\/cppef\" target=\"_blank\" rel=\"noreferrer noopener\">Caisse de pr\u00e9voyance du personnel de l&rsquo;Etat<\/a><\/p>\n<p><a aria-label=\" (s\u2019ouvre dans un nouvel onglet)\" href=\"https:\/\/croix-rouge-fr.ch\/fr\" target=\"_blank\" rel=\"noreferrer noopener\">Croix-Rouge fribourgeoise<\/a><\/p>\n<p><a aria-label=\" (s\u2019ouvre dans un nouvel onglet)\" href=\"https:\/\/ssr-csa.ch\/fr\" target=\"_blank\" rel=\"noreferrer noopener\">Conseil suisse des a\u00een\u00e9s<\/a><\/p>\n<p><a href=\"https:\/\/vasos.ch\/fr\/\" target=\"_blank\" rel=\"noreferrer noopener\">F\u00e9d\u00e9ration des associations des retrait\u00e9s et de l\u2019entraide en Suisse (FARES)<\/a><\/p>\n<p><!-- \/divi:paragraph --><a rel=\"noreferrer noopener\" href=\"https:\/\/www.ffr-frv.ch\" target=\"_blank\" style=\"font-size: 18px;\">F\u00e9d\u00e9ration fribourgeoise des retrait\u00e9s<\/a><\/p>\n<p><a href=\"https:\/\/fsr-srv.ch\/index.php\" target=\"_blank\" rel=\"noreferrer noopener\">F\u00e9d\u00e9ration suisse des retrait\u00e9s<\/a><\/p>\n<p><a aria-label=\"\u2028Pro Senectute Fribourg (s\u2019ouvre dans un nouvel onglet)\" href=\"http:\/\/www.fr.prosenectute.ch\" target=\"_blank\" rel=\"noreferrer noopener\">Pro Senectute Fribourg<\/a><\/p>\n<p><a aria-label=\" (s\u2019ouvre dans un nouvel onglet)\" href=\"https:\/\/www.prosenectute.ch\/fr.html\" target=\"_blank\" rel=\"noreferrer noopener\">Pro Senectute Suisse<\/a><\/p>\n<\/p>\n<p><!-- divi:paragraph {\"style\":{\"typography\":{\"fontSize\":18}}} --><\/p>\n<p><!-- divi:paragraph {\"style\":{\"typography\":{\"fontSize\":18}}} --><\/p>\n<p><!-- divi:paragraph {\"style\":{\"typography\":{\"fontSize\":18}}} --><\/p>\n<p><!-- divi:paragraph {\"style\":{\"typography\":{\"fontSize\":18}}} --><\/p>\n<p><!-- divi:paragraph {\"style\":{\"typography\":{\"fontSize\":\"18px\"}}} --><\/p>\n<p><!-- divi:paragraph {\"style\":{\"typography\":{\"fontSize\":18}}} --><\/p>\n<p><!-- divi:paragraph {\"style\":{\"typography\":{\"fontSize\":18}}} --><\/p>\n<p>&nbsp;<\/p>\n<p><!-- \/divi:paragraph --><\/p>\n<p><!-- divi:spacer {\"height\":\"20px\"} --><\/p>\n<div style=\"height: 20px;\" aria-hidden=\"true\" class=\"wp-block-spacer\"><\/div>\n<p>&nbsp;<\/p>\n<p><!-- \/divi:spacer --><\/p>\n<p><!-- divi:spacer {\"height\":\"200px\"} --><\/p>\n<div style=\"height: 200px;\" aria-hidden=\"true\" class=\"wp-block-spacer\"><\/div>\n<p>&nbsp;<\/p>\n<p><!-- \/divi:spacer --><\/p>\n<p>[\/et_pb_text][\/et_pb_column][\/et_pb_row][\/et_pb_section]<\/p>\n","protected":false},"excerpt":{"rendered":"<p>Alzheimer Fribourg Alzheimer Suisse Caisse de pr\u00e9voyance du personnel de l&rsquo;Etat Croix-Rouge fribourgeoise Conseil suisse des a\u00een\u00e9s F\u00e9d\u00e9ration des associations des retrait\u00e9s et de l\u2019entraide en Suisse (FARES) F\u00e9d\u00e9ration fribourgeoise des retrait\u00e9s F\u00e9d\u00e9ration suisse des retrait\u00e9s Pro Senectute Fribourg Pro Senectute Suisse &nbsp; &nbsp; &nbsp;<\/p>\n","protected":false},"author":1,"featured_media":0,"parent":0,"menu_order":0,"comment_status":"closed","ping_status":"closed","template":"","meta":{"_et_pb_use_builder":"on","_et_pb_old_content":"<!-- wp:paragraph {\"style\":{\"typography\":{\"fontSize\":18}}} -->\n<p style=\"font-size:18px\"><a href=\"https:\/\/www.alzheimer-schweiz.ch\/fr\/fribourg\/home\" target=\"_blank\" rel=\"noreferrer noopener\">Alzheimer Fribourg<\/a><\/p>\n<!-- \/wp:paragraph -->\n\n<!-- wp:paragraph {\"style\":{\"typography\":{\"fontSize\":18}}} -->\n<p style=\"font-size:18px\"><a aria-label=\" (s\u2019ouvre dans un nouvel onglet)\" href=\"https:\/\/www.alzheimer-schweiz.ch\/fr\" target=\"_blank\" rel=\"noreferrer noopener\">Alzheimer Suisse<\/a><\/p>\n<!-- \/wp:paragraph -->\n\n<!-- wp:paragraph {\"style\":{\"typography\":{\"fontSize\":18}}} -->\n<p style=\"font-size:18px\"><a aria-label=\" (s\u2019ouvre dans un nouvel onglet)\" href=\"https:\/\/www.fr.ch\/cppef\" target=\"_blank\" rel=\"noreferrer noopener\">Caisse de pr\u00e9voyance du personnel de l'Etat<\/a><\/p>\n<!-- \/wp:paragraph -->\n\n<!-- wp:paragraph {\"style\":{\"typography\":{\"fontSize\":18}}} -->\n<p style=\"font-size:18px\"><a aria-label=\" (s\u2019ouvre dans un nouvel onglet)\" href=\"https:\/\/croix-rouge-fr.ch\/fr\" target=\"_blank\" rel=\"noreferrer noopener\">Croix-Rouge fribourgeoise<\/a><\/p>\n<!-- \/wp:paragraph -->\n\n<!-- wp:paragraph {\"style\":{\"typography\":{\"fontSize\":18}}} -->\n<p style=\"font-size:18px\"><a aria-label=\" (s\u2019ouvre dans un nouvel onglet)\" href=\"https:\/\/ssr-csa.ch\/fr\" target=\"_blank\" rel=\"noreferrer noopener\">Conseil suisse des a\u00een\u00e9s<\/a><\/p>\n<!-- \/wp:paragraph -->\n\n<!-- wp:paragraph {\"style\":{\"typography\":{\"fontSize\":\"18px\"}}} -->\n<p style=\"font-size:18px\"><a href=\"https:\/\/vasos.ch\/fr\/\" target=\"_blank\" rel=\"noreferrer noopener\">F\u00e9d\u00e9ration des associations des retrait\u00e9s et de l\u2019entraide en Suisse (FARES)<\/a><\/p>\n<!-- \/wp:paragraph -->\n\n<!-- wp:paragraph {\"style\":{\"typography\":{\"fontSize\":18}}} -->\n<p style=\"font-size:18px\"><a rel=\"noreferrer noopener\" href=\"https:\/\/www.ffr-frv.ch\" target=\"_blank\">F\u00e9d\u00e9ration fribourgeoise des retrait\u00e9s<\/a><br><br><a href=\"https:\/\/fsr-srv.ch\/index.php\" target=\"_blank\" rel=\"noreferrer noopener\">F\u00e9d\u00e9ration suisse des retrait\u00e9s<\/a><\/p>\n<!-- \/wp:paragraph -->\n\n<!-- wp:paragraph {\"style\":{\"typography\":{\"fontSize\":18}}} -->\n<p style=\"font-size:18px\"><a aria-label=\" (s\u2019ouvre dans un nouvel onglet)\" href=\"https:\/\/www.prosenectute.ch\/fr.html\" target=\"_blank\" rel=\"noreferrer noopener\">Pro Senectute Suisse<\/a><\/p>\n<!-- \/wp:paragraph -->\n\n<!-- wp:paragraph {\"style\":{\"typography\":{\"fontSize\":18}}} -->\n<p style=\"font-size:18px\"><a aria-label=\"\u2028Pro Senectute Fribourg (s\u2019ouvre dans un nouvel onglet)\" href=\"http:\/\/www.fr.prosenectute.ch\" target=\"_blank\" rel=\"noreferrer noopener\">Pro Senectute Fribourg<\/a><\/p>\n<!-- \/wp:paragraph -->\n\n<!-- wp:spacer {\"height\":\"20px\"} -->\n<div style=\"height:20px\" aria-hidden=\"true\" class=\"wp-block-spacer\"><\/div>\n<!-- \/wp:spacer -->\n\n<!-- wp:spacer {\"height\":\"200px\"} -->\n<div style=\"height:200px\" aria-hidden=\"true\" class=\"wp-block-spacer\"><\/div>\n<!-- \/wp:spacer -->","_et_gb_content_width":"","footnotes":""},"class_list":["post-1764","page","type-page","status-publish","hentry"],"_links":{"self":[{"href":"https:\/\/aref-rvsf.ch\/fr\/wp-json\/wp\/v2\/pages\/1764"}],"collection":[{"href":"https:\/\/aref-rvsf.ch\/fr\/wp-json\/wp\/v2\/pages"}],"about":[{"href":"https:\/\/aref-rvsf.ch\/fr\/wp-json\/wp\/v2\/types\/page"}],"author":[{"embeddable":true,"href":"https:\/\/aref-rvsf.ch\/fr\/wp-json\/wp\/v2\/users\/1"}],"replies":[{"embeddable":true,"href":"https:\/\/aref-rvsf.ch\/fr\/wp-json\/wp\/v2\/comments?post=1764"}],"version-history":[{"count":20,"href":"https:\/\/aref-rvsf.ch\/fr\/wp-json\/wp\/v2\/pages\/1764\/revisions"}],"predecessor-version":[{"id":12370,"href":"https:\/\/aref-rvsf.ch\/fr\/wp-json\/wp\/v2\/pages\/1764\/revisions\/12370"}],"wp:attachment":[{"href":"https:\/\/aref-rvsf.ch\/fr\/wp-json\/wp\/v2\/media?parent=1764"}],"curies":[{"name":"wp","href":"https:\/\/api.w.org\/{rel}","templated":true}]}}