{"id":1697,"date":"2025-06-02T08:31:08","date_gmt":"2025-06-02T06:31:08","guid":{"rendered":"https:\/\/new.aref-rvsf.ch\/?page_id=1697"},"modified":"2025-06-05T16:30:03","modified_gmt":"2025-06-05T14:30:03","slug":"comite","status":"publish","type":"page","link":"https:\/\/aref-rvsf.ch\/fr\/bienvenue\/comite\/","title":{"rendered":"Comit\u00e9"},"content":{"rendered":"<p>[et_pb_section fb_built=\u00a0\u00bb1&Prime; admin_label=\u00a0\u00bbsection\u00a0\u00bb _builder_version=\u00a0\u00bb4.16&Prime; global_colors_info=\u00a0\u00bb{}\u00a0\u00bb][et_pb_row admin_label=\u00a0\u00bbrow\u00a0\u00bb _builder_version=\u00a0\u00bb4.16&Prime; background_size=\u00a0\u00bbinitial\u00a0\u00bb background_position=\u00a0\u00bbtop_left\u00a0\u00bb background_repeat=\u00a0\u00bbrepeat\u00a0\u00bb global_colors_info=\u00a0\u00bb{}\u00a0\u00bb][et_pb_column type=\u00a0\u00bb4_4&Prime; _builder_version=\u00a0\u00bb4.16&Prime; custom_padding=\u00a0\u00bb|||\u00a0\u00bb global_colors_info=\u00a0\u00bb{}\u00a0\u00bb custom_padding__hover=\u00a0\u00bb|||\u00a0\u00bb][et_pb_image src=\u00a0\u00bbhttps:\/\/aref-rvsf.ch\/wp-content\/uploads\/2025\/06\/Comite-AREF-4-scaled.jpg\u00a0\u00bb title_text=\u00a0\u00bbComit\u00e9-AREF-4&Prime; _builder_version=\u00a0\u00bb4.27.0&Prime; _module_preset=\u00a0\u00bbdefault\u00a0\u00bb hover_enabled=\u00a0\u00bb0&Prime; global_colors_info=\u00a0\u00bb{}\u00a0\u00bb sticky_enabled=\u00a0\u00bb0&Prime;][\/et_pb_image][et_pb_text admin_label=\u00a0\u00bbText\u00a0\u00bb _builder_version=\u00a0\u00bb4.27.0&Prime; background_size=\u00a0\u00bbinitial\u00a0\u00bb background_position=\u00a0\u00bbtop_left\u00a0\u00bb background_repeat=\u00a0\u00bbrepeat\u00a0\u00bb min_height=\u00a0\u00bb773.5px\u00a0\u00bb global_colors_info=\u00a0\u00bb{}\u00a0\u00bb]<\/p>\n<p style=\"text-align: center;\">Derri\u00e8re : Alain Maeder, Daniel Baechler, Roland Schmutz, Werner Zimmerli, Marcel Wider<br \/>Devant : Martine Cottier-Chassot, Jocelyne Moret<\/p>\n<figure class=\"wp-block-table aligncenter is-style-stripes\">\n<table width=\"1057\" height=\"488\">\n<thead>\n<tr>\n<th style=\"width: 291.312px;\">Fonction<\/th>\n<th style=\"width: 204.484px;\">Nom<\/th>\n<th style=\"width: 191.719px;\">Adresse<\/th>\n<th class=\"has-text-align-left\" data-align=\"left\" style=\"width: 139.969px;\">T\u00e9l\u00e9phone<\/th>\n<th style=\"width: 232.234px;\">Email<\/th>\n<\/tr>\n<\/thead>\n<tbody>\n<tr>\n<td style=\"width: 291.312px;\">Pr\u00e9sidence<\/td>\n<td style=\"width: 204.484px;\">vacant-e<\/td>\n<td style=\"width: 191.719px;\"><\/td>\n<td class=\"has-text-align-left\" data-align=\"left\" style=\"width: 139.969px;\"><\/td>\n<td style=\"width: 232.234px;\"><\/td>\n<\/tr>\n<tr>\n<td style=\"width: 291.312px;\">Vice-pr\u00e9sident et contact al\u00e9manique<\/td>\n<td style=\"width: 204.484px;\">Werner Zimmerli<\/td>\n<td style=\"width: 191.719px;\">Tavernastrasse 23<br \/>1712\u00a0Tafers<\/td>\n<td class=\"has-text-align-left\" data-align=\"left\" style=\"width: 139.969px;\">079\u00a0311 37 53<\/td>\n<td style=\"width: 232.234px;\"><a href=\"mailto:wernerzimmerli@sensemail.ch\">vicepresidence@aref-rvsf.ch<\/a><\/td>\n<\/tr>\n<tr>\n<td style=\"width: 291.312px;\">Secr\u00e9taire<\/td>\n<td style=\"width: 204.484px;\">Martine Cottier-Chassot<\/td>\n<td style=\"width: 191.719px;\">Route des Grives 17<br \/>1763 Granges-Paccot<\/td>\n<td class=\"has-text-align-left\" data-align=\"left\" style=\"width: 139.969px;\">079 564 83 05<\/td>\n<td style=\"width: 232.234px;\"><a href=\"mailto:secretariat@aref-rvsf.ch\">secretariat@aref-rvsf.ch<\/a><\/td>\n<\/tr>\n<tr>\n<td style=\"width: 291.312px;\">Caissi\u00e8re<br \/>D\u00e9l\u00e9gu\u00e9e CPPEF<\/td>\n<td style=\"width: 204.484px;\">Jocelyne Moret<\/td>\n<td style=\"width: 191.719px;\">Route du Bugnon 28<br \/>1752 Villars-sur-Gl\u00e2ne<\/td>\n<td class=\"has-text-align-left\" data-align=\"left\" style=\"width: 139.969px;\">079 817 53 04<\/td>\n<td style=\"width: 232.234px;\"><a href=\"mailto:caisse@aref-rvsf.ch\">caisse@aref-rvsf.ch<\/a><\/td>\n<\/tr>\n<tr>\n<td style=\"width: 291.312px;\">Traductions \u00ab\u00a0Le Retrait\u00e9\u00a0\u00bb<\/td>\n<td style=\"width: 204.484px;\">Daniel B\u00e4chler<\/td>\n<td style=\"width: 191.719px;\">Route des Vergers 11<br \/>1791\u00a0Courtaman<\/td>\n<td class=\"has-text-align-left\" data-align=\"left\" style=\"width: 139.969px;\">079 448 45 61<\/td>\n<td style=\"width: 232.234px;\"><a href=\"mailto:traducion@aref-rvsf.ch\">traduction@aref-rvsf.ch<\/a><\/td>\n<\/tr>\n<tr>\n<td style=\"width: 291.312px;\">Relations ext\u00e9rieures &amp; Webmaster<\/td>\n<td style=\"width: 204.484px;\">Roland Schmutz<\/td>\n<td style=\"width: 191.719px;\">Case postale 53<br \/>1636 Broc<\/td>\n<td class=\"has-text-align-left\" data-align=\"left\" style=\"width: 139.969px;\">079 230 71 46<\/td>\n<td style=\"width: 232.234px;\"><a href=\"mailto:webmaster@aref-rvsf.ch\">webmaster@aref-rvsf.ch<\/a><\/td>\n<\/tr>\n<tr>\n<td style=\"width: 291.312px;\">Activit\u00e9s annuelles<\/td>\n<td style=\"width: 204.484px;\">Marcel Wider<\/td>\n<td style=\"width: 191.719px;\">Rue de la Sarine 38<br \/>1700 Fribourg<\/td>\n<td class=\"has-text-align-left\" data-align=\"left\" style=\"width: 139.969px;\">079 263 66 61<\/td>\n<td style=\"width: 232.234px;\"><a href=\"mailto:course@aref-rvsf.ch\" data-type=\"mailto\" data-id=\"mailto:course@aref-rvsf.ch\">course@aref-rvsf.ch<\/a><\/td>\n<\/tr>\n<tr>\n<td style=\"width: 291.312px;\">Responsable du Messager<br \/>LE RETRAITE<\/td>\n<td style=\"width: 204.484px;\">vacant<\/td>\n<td style=\"width: 191.719px;\"><\/td>\n<td class=\"has-text-align-left\" data-align=\"left\" style=\"width: 139.969px;\"><\/td>\n<td style=\"width: 232.234px;\">vacant<\/td>\n<\/tr>\n<tr>\n<td style=\"width: 291.312px;\">Membre<\/td>\n<td style=\"width: 204.484px;\">Alain Maeder<\/td>\n<td style=\"width: 191.719px;\">Kleinsch\u00f6nberg 105<br \/>1700 Fribourg<\/td>\n<td style=\"width: 139.969px;\">+41 79 279 95 77<\/td>\n<td style=\"width: 232.234px;\">alain_maeder@outlook.com<\/td>\n<\/tr>\n<\/tbody>\n<\/table>\n<\/figure>\n<p>&nbsp;<\/p>\n<div style=\"height: 20px;\" aria-hidden=\"true\" class=\"wp-block-spacer\"><\/div>\n<p>&nbsp;<\/p>\n<p>[\/et_pb_text][\/et_pb_column][\/et_pb_row][\/et_pb_section]<\/p>\n","protected":false},"excerpt":{"rendered":"<p>Derri\u00e8re : Alain Maeder, Daniel Baechler, Roland Schmutz, Werner Zimmerli, Marcel WiderDevant : Martine Cottier-Chassot, Jocelyne Moret Fonction Nom Adresse T\u00e9l\u00e9phone Email Pr\u00e9sidence vacant-e Vice-pr\u00e9sident et contact al\u00e9manique Werner Zimmerli Tavernastrasse 231712\u00a0Tafers 079\u00a0311 37 53 vicepresidence@aref-rvsf.ch Secr\u00e9taire Martine Cottier-Chassot Route des Grives 171763 Granges-Paccot 079 564 83 05 secretariat@aref-rvsf.ch Caissi\u00e8reD\u00e9l\u00e9gu\u00e9e CPPEF Jocelyne Moret Route du [&hellip;]<\/p>\n","protected":false},"author":2,"featured_media":19435,"parent":3523,"menu_order":0,"comment_status":"open","ping_status":"closed","template":"","meta":{"_et_pb_use_builder":"on","_et_pb_old_content":"<!-- wp:image {\"align\":\"center\",\"id\":15011,\"sizeSlug\":\"large\",\"linkDestination\":\"none\"} -->\n<figure class=\"wp-block-image aligncenter size-large\"><img src=\"https:\/\/aref-rvsf.ch\/wp-content\/uploads\/2023\/08\/D9A2358-3-1024x683.jpg\" alt=\"\" class=\"wp-image-15011\"\/><figcaption class=\"wp-element-caption\">Derri\u00e8re : Monique Bersier, Joceyne Moret, Marie-Christine Dorand, Martine Cottier-Chassot<br>Devant : Roland Schmutz, Daniel Baechler, Marcel Wider et Werner Zimmerli<\/figcaption><\/figure>\n<!-- \/wp:image -->\n\n<!-- wp:spacer {\"height\":\"40px\"} -->\n<div style=\"height:40px\" aria-hidden=\"true\" class=\"wp-block-spacer\"><\/div>\n<!-- \/wp:spacer -->\n\n<!-- wp:table {\"align\":\"center\",\"className\":\"is-style-stripes\"} -->\n<figure class=\"wp-block-table aligncenter is-style-stripes\"><table><thead><tr><th>Fonction<\/th><th>Nom<\/th><th>Adresse<\/th><th class=\"has-text-align-left\" data-align=\"left\">T\u00e9l\u00e9phone<\/th><th>Email<\/th><\/tr><\/thead><tbody><tr><td>Pr\u00e9sidente<\/td><td>Marie-Christine Dorand<\/td><td>Route des Bonnesfontaines 59<br>1700&nbsp;Fribourg<\/td><td class=\"has-text-align-left\" data-align=\"left\">079 433 15 08<\/td><td><a href=\"mailto:president@aref-rvsf.ch\">presidente@aref-rvsf.ch<\/a><\/td><\/tr><tr><td>Vice-pr\u00e9sident et contact al\u00e9manique<\/td><td>Werner Zimmerli<\/td><td>Tavernastrasse 23<br>1712&nbsp;Tafers<\/td><td class=\"has-text-align-left\" data-align=\"left\">079&nbsp;311 37 53<\/td><td><a href=\"mailto:wernerzimmerli@sensemail.ch\">vicepresidence@aref-rvsf.ch<\/a><\/td><\/tr><tr><td>Secr\u00e9taire<\/td><td>Martine Cottier-Chassot<\/td><td>Route des Grives 17<br>1763 Granges-Paccot<\/td><td class=\"has-text-align-left\" data-align=\"left\">079 339 42 02 <\/td><td><a href=\"mailto:secretariat@aref-rvsf.ch\">secretariat@aref-rvsf.ch<\/a><\/td><\/tr><tr><td>Caissi\u00e8re <br>D\u00e9l\u00e9gu\u00e9e CPPEF<\/td><td>Jocelyne Moret<\/td><td>Route du Bugnon 28<br>1752 Villars-sur-Gl\u00e2ne<\/td><td class=\"has-text-align-left\" data-align=\"left\">079 817 53 04<\/td><td><a href=\"mailto:caisse@aref-rvsf.ch\">caisse@aref-rvsf.ch<\/a><\/td><\/tr><tr><td>Traductions \"Le Retrait\u00e9\"<\/td><td>Daniel B\u00e4chler<\/td><td>Route des Vergers 11<br>1791&nbsp;Courtaman<\/td><td class=\"has-text-align-left\" data-align=\"left\">079 448 45 61<\/td><td><a href=\"mailto:traducion@aref-rvsf.ch\">traduction@aref-rvsf.ch<\/a><\/td><\/tr><tr><td>Relations ext\u00e9rieures &amp;  Webmaster<\/td><td>Roland Schmutz<\/td><td>Case postale 53<br>1636 Broc<\/td><td class=\"has-text-align-left\" data-align=\"left\">079 230 71 46<\/td><td><a href=\"mailto:webmaster@aref-rvsf.ch\">webmaster@aref-rvsf.ch<\/a><\/td><\/tr><tr><td>Activit\u00e9s annuelles<\/td><td>Marcel Wider<\/td><td>Rue de la Sarine 38<br>1700 Fribourg<\/td><td class=\"has-text-align-left\" data-align=\"left\">079 263 66 61<\/td><td><a href=\"mailto:course@aref-rvsf.ch\" data-type=\"mailto\" data-id=\"mailto:course@aref-rvsf.ch\">course@aref-rvsf.ch<\/a><\/td><\/tr><tr><td>Responsable du Messager<br>LE RETRAITE<\/td><td>Monique Bersier<\/td><td>Route des Ecoles 15<br>1723&nbsp;Marly<\/td><td class=\"has-text-align-left\" data-align=\"left\">079&nbsp;615 28 48<\/td><td>publication@aref-rvsf.ch <\/td><\/tr><\/tbody><\/table><\/figure>\n<!-- \/wp:table -->\n\n<!-- wp:spacer {\"height\":\"20px\"} -->\n<div style=\"height:20px\" aria-hidden=\"true\" class=\"wp-block-spacer\"><\/div>\n<!-- \/wp:spacer -->","_et_gb_content_width":"","footnotes":""},"class_list":["post-1697","page","type-page","status-publish","has-post-thumbnail","hentry"],"_links":{"self":[{"href":"https:\/\/aref-rvsf.ch\/fr\/wp-json\/wp\/v2\/pages\/1697"}],"collection":[{"href":"https:\/\/aref-rvsf.ch\/fr\/wp-json\/wp\/v2\/pages"}],"about":[{"href":"https:\/\/aref-rvsf.ch\/fr\/wp-json\/wp\/v2\/types\/page"}],"author":[{"embeddable":true,"href":"https:\/\/aref-rvsf.ch\/fr\/wp-json\/wp\/v2\/users\/2"}],"replies":[{"embeddable":true,"href":"https:\/\/aref-rvsf.ch\/fr\/wp-json\/wp\/v2\/comments?post=1697"}],"version-history":[{"count":109,"href":"https:\/\/aref-rvsf.ch\/fr\/wp-json\/wp\/v2\/pages\/1697\/revisions"}],"predecessor-version":[{"id":19463,"href":"https:\/\/aref-rvsf.ch\/fr\/wp-json\/wp\/v2\/pages\/1697\/revisions\/19463"}],"up":[{"embeddable":true,"href":"https:\/\/aref-rvsf.ch\/fr\/wp-json\/wp\/v2\/pages\/3523"}],"wp:featuredmedia":[{"embeddable":true,"href":"https:\/\/aref-rvsf.ch\/fr\/wp-json\/wp\/v2\/media\/19435"}],"wp:attachment":[{"href":"https:\/\/aref-rvsf.ch\/fr\/wp-json\/wp\/v2\/media?parent=1697"}],"curies":[{"name":"wp","href":"https:\/\/api.w.org\/{rel}","templated":true}]}}