{"id":1678,"date":"2025-06-10T12:07:00","date_gmt":"2025-06-10T10:07:00","guid":{"rendered":"https:\/\/new.aref-rvsf.ch\/?page_id=1678"},"modified":"2025-06-25T10:09:15","modified_gmt":"2025-06-25T08:09:15","slug":"le-mot-du-comite","status":"publish","type":"page","link":"https:\/\/aref-rvsf.ch\/fr\/bienvenue\/le-mot-du-comite\/","title":{"rendered":"Le mot du comit\u00e9"},"content":{"rendered":"<p>[et_pb_section fb_built=\u00a0\u00bb1&Prime; admin_label=\u00a0\u00bbsection\u00a0\u00bb _builder_version=\u00a0\u00bb4.16&Prime; global_colors_info=\u00a0\u00bb{}\u00a0\u00bb][et_pb_row admin_label=\u00a0\u00bbrow\u00a0\u00bb _builder_version=\u00a0\u00bb4.16&Prime; background_size=\u00a0\u00bbinitial\u00a0\u00bb background_position=\u00a0\u00bbtop_left\u00a0\u00bb background_repeat=\u00a0\u00bbrepeat\u00a0\u00bb global_colors_info=\u00a0\u00bb{}\u00a0\u00bb][et_pb_column type=\u00a0\u00bb4_4&Prime; _builder_version=\u00a0\u00bb4.16&Prime; custom_padding=\u00a0\u00bb|||\u00a0\u00bb global_colors_info=\u00a0\u00bb{}\u00a0\u00bb custom_padding__hover=\u00a0\u00bb|||\u00a0\u00bb][et_pb_text admin_label=\u00a0\u00bbText\u00a0\u00bb _builder_version=\u00a0\u00bb4.27.0&Prime; text_font_size=\u00a0\u00bb12px\u00a0\u00bb background_size=\u00a0\u00bbinitial\u00a0\u00bb background_position=\u00a0\u00bbtop_left\u00a0\u00bb background_repeat=\u00a0\u00bbrepeat\u00a0\u00bb min_height=\u00a0\u00bb404.2px\u00a0\u00bb custom_padding=\u00a0\u00bb||0px|||\u00a0\u00bb global_colors_info=\u00a0\u00bb{}\u00a0\u00bb]<\/p>\n<p>&nbsp;<\/p>\n<p class=\"has-medium-font-size\">Chers, ch\u00e8res membres de l\u2019AREF<br \/>Chers, ch\u00e8res retrait\u00e9s-es de l\u2019\u00c9tat<\/p>\n<p class=\"has-medium-font-size\">Votre comit\u00e9 a le plaisir de vous accueillir sur le site de notre association. Voil\u00e0 82 ans, plus pr\u00e9cis\u00e9ment le 18 septembre 1943, que quelques pionniers se sont lanc\u00e9s avec enthousiasme et ont fond\u00e9 notre association. Celle-ci a \u00e9volu\u00e9 comme toute association.<\/p>\n<p class=\"has-medium-font-size\">Il faut notamment relever, l\u2019adh\u00e9sion de l\u2019AREF, le 15 juin 1993, \u00e0 titre de membre collectif, \u00e0 la F\u00e9d\u00e9ration fribourgeoise des retrait\u00e9s <a rel=\"noreferrer noopener\" href=\"https:\/\/www.ffr-frv.ch\/\" target=\"_blank\">FFR<\/a>. Elle compte 7&rsquo;200 membres et d\u00e9fend les int\u00e9r\u00eats sociaux, culturels et \u00e9conomiques de ses membres sur le plan cantonal et indirectement sur le plan national puisqu\u2019elle est membre du Conseil suisse des ain\u00e9s <a href=\"https:\/\/ssr-csa.ch\/fr\/home\/\" target=\"_blank\" rel=\"noreferrer noopener\">CSA <\/a>fort de 300&rsquo;000 membres.<\/p>\n<p class=\"has-medium-font-size\">Nous esp\u00e8rons que vous trouverez dans les diff\u00e9rentes rubriques les informations que vous recherchez. Cas \u00e9ch\u00e9ant, n\u2019h\u00e9sitez pas \u00e0 nous faire part de vos propositions d\u2019am\u00e9lioration : nous sommes \u00e0 votre \u00e9coute.<\/p>\n<p class=\"has-medium-font-size\">Votre comit\u00e9<\/p>\n<p>&nbsp;<\/p>\n<p>[\/et_pb_text][et_pb_text admin_label=\u00a0\u00bbText\u00a0\u00bb _builder_version=\u00a0\u00bb4.27.0&Prime; text_font_size=\u00a0\u00bb8px\u00a0\u00bb background_size=\u00a0\u00bbinitial\u00a0\u00bb background_position=\u00a0\u00bbtop_left\u00a0\u00bb background_repeat=\u00a0\u00bbrepeat\u00a0\u00bb custom_padding=\u00a0\u00bb||0px|||\u00a0\u00bb hover_enabled=\u00a0\u00bb0&Prime; global_colors_info=\u00a0\u00bb{}\u00a0\u00bb sticky_enabled=\u00a0\u00bb0&Prime;]<\/p>\n<p class=\"has-medium-font-size\"><a href=\"mailto:webmaster@aref-rvsf.ch\">webmaster@aref-rvsf.ch<\/a><br \/><a href=\"https:\/\/aref-rvsf.ch\/fr\/bienvenue\/contact\/\" target=\"_blank\" rel=\"noopener\">Contact<\/a><\/p>\n<div style=\"height: 20px;\" aria-hidden=\"true\" class=\"wp-block-spacer\"><\/div>\n<div style=\"height: 200px;\" aria-hidden=\"true\" class=\"wp-block-spacer\"><\/div>\n<p>[\/et_pb_text][\/et_pb_column][\/et_pb_row][\/et_pb_section]<\/p>\n","protected":false},"excerpt":{"rendered":"<p>&nbsp; Chers, ch\u00e8res membres de l\u2019AREFChers, ch\u00e8res retrait\u00e9s-es de l\u2019\u00c9tat Votre comit\u00e9 a le plaisir de vous accueillir sur le site de notre association. Voil\u00e0 82 ans, plus pr\u00e9cis\u00e9ment le 18 septembre 1943, que quelques pionniers se sont lanc\u00e9s avec enthousiasme et ont fond\u00e9 notre association. Celle-ci a \u00e9volu\u00e9 comme toute association. Il faut notamment [&hellip;]<\/p>\n","protected":false},"author":1,"featured_media":0,"parent":3523,"menu_order":0,"comment_status":"closed","ping_status":"closed","template":"","meta":{"_et_pb_use_builder":"on","_et_pb_old_content":"<!-- wp:paragraph -->\n<p><\/p>\n<!-- \/wp:paragraph -->\n\n<!-- wp:paragraph {\"fontSize\":\"medium\"} -->\n<p class=\"has-medium-font-size\">Chers, ch\u00e8res membres de l\u2019AREF<br>Chers, ch\u00e8res retrait\u00e9s-es de l\u2019\u00c9tat<\/p>\n<!-- \/wp:paragraph -->\n\n<!-- wp:paragraph {\"fontSize\":\"medium\"} -->\n<p class=\"has-medium-font-size\">J\u2019ai le plaisir de vous accueillir sur le site de notre association. Voil\u00e0 80 ans, plus pr\u00e9cis\u00e9ment le 18 septembre 1943, que quelques pionniers se sont lanc\u00e9s avec enthousiasme et ont fond\u00e9 notre association. Celle-ci a \u00e9volu\u00e9 comme toute association.<\/p>\n<!-- \/wp:paragraph -->\n\n<!-- wp:paragraph {\"fontSize\":\"medium\"} -->\n<p class=\"has-medium-font-size\">Il faut notamment relever, l\u2019adh\u00e9sion de l\u2019AREF, le 15 juin 1993, \u00e0 titre de membre collectif, \u00e0 la F\u00e9d\u00e9ration fribourgeoise des retrait\u00e9s <a rel=\"noreferrer noopener\" href=\"https:\/\/www.ffr-frv.ch\/\" target=\"_blank\">FFR<\/a>. Elle compte 7'200 membres et d\u00e9fend les int\u00e9r\u00eats sociaux, culturels et \u00e9conomiques de ses membres sur le plan cantonal et indirectement sur le plan national puisqu\u2019elle est membre du Conseil suisse des ain\u00e9s <a href=\"https:\/\/ssr-csa.ch\/fr\/home\/\" target=\"_blank\" rel=\"noreferrer noopener\">CSA <\/a>fort de 300'000 membres.<\/p>\n<!-- \/wp:paragraph -->\n\n<!-- wp:paragraph {\"fontSize\":\"medium\"} -->\n<p class=\"has-medium-font-size\">J\u2019esp\u00e8re que vous trouverez dans les diff\u00e9rentes rubriques les informations que vous recherchez. Cas \u00e9ch\u00e9ant, n\u2019h\u00e9sitez pas \u00e0 nous faire part de vos propositions d\u2019am\u00e9lioration&nbsp;: nous sommes \u00e0 votre \u00e9coute.<\/p>\n<!-- \/wp:paragraph -->\n\n<!-- wp:paragraph {\"fontSize\":\"medium\"} -->\n<p class=\"has-medium-font-size\">Votre pr\u00e9sidente<br>Marie-Christine Dorand<\/p>\n<!-- \/wp:paragraph -->\n\n<!-- wp:paragraph -->\n<p><a href=\"mailto:presidente@aref.ch\">presidente@aref-rvsf.ch<\/a><\/p>\n<!-- \/wp:paragraph -->\n\n<!-- wp:spacer {\"height\":\"20px\"} -->\n<div style=\"height:20px\" aria-hidden=\"true\" class=\"wp-block-spacer\"><\/div>\n<!-- \/wp:spacer -->\n\n<!-- wp:spacer {\"height\":\"200px\"} -->\n<div style=\"height:200px\" aria-hidden=\"true\" class=\"wp-block-spacer\"><\/div>\n<!-- \/wp:spacer -->","_et_gb_content_width":"","footnotes":""},"class_list":["post-1678","page","type-page","status-publish","hentry"],"_links":{"self":[{"href":"https:\/\/aref-rvsf.ch\/fr\/wp-json\/wp\/v2\/pages\/1678"}],"collection":[{"href":"https:\/\/aref-rvsf.ch\/fr\/wp-json\/wp\/v2\/pages"}],"about":[{"href":"https:\/\/aref-rvsf.ch\/fr\/wp-json\/wp\/v2\/types\/page"}],"author":[{"embeddable":true,"href":"https:\/\/aref-rvsf.ch\/fr\/wp-json\/wp\/v2\/users\/1"}],"replies":[{"embeddable":true,"href":"https:\/\/aref-rvsf.ch\/fr\/wp-json\/wp\/v2\/comments?post=1678"}],"version-history":[{"count":25,"href":"https:\/\/aref-rvsf.ch\/fr\/wp-json\/wp\/v2\/pages\/1678\/revisions"}],"predecessor-version":[{"id":19593,"href":"https:\/\/aref-rvsf.ch\/fr\/wp-json\/wp\/v2\/pages\/1678\/revisions\/19593"}],"up":[{"embeddable":true,"href":"https:\/\/aref-rvsf.ch\/fr\/wp-json\/wp\/v2\/pages\/3523"}],"wp:attachment":[{"href":"https:\/\/aref-rvsf.ch\/fr\/wp-json\/wp\/v2\/media?parent=1678"}],"curies":[{"name":"wp","href":"https:\/\/api.w.org\/{rel}","templated":true}]}}