{"id":14700,"date":"2023-10-07T14:04:49","date_gmt":"2023-10-07T12:04:49","guid":{"rendered":"https:\/\/aref-rvsf.ch\/?page_id=14700"},"modified":"2024-10-07T14:22:58","modified_gmt":"2024-10-07T12:22:58","slug":"photos-2022","status":"publish","type":"page","link":"https:\/\/aref-rvsf.ch\/fr\/galerie\/photos-2022\/","title":{"rendered":"Photos 2022"},"content":{"rendered":"\n<div class=\"wp-block-columns is-layout-flex wp-container-core-columns-is-layout-1 wp-block-columns-is-layout-flex\">\n<div class=\"wp-block-column is-layout-flow wp-block-column-is-layout-flow\">\n<figure class=\"wp-block-image aligncenter size-large\"><img loading=\"lazy\" decoding=\"async\" width=\"1024\" height=\"768\" src=\"https:\/\/aref-rvsf.ch\/wp-content\/uploads\/2024\/10\/Titre-AG-1024x768.jpg\" alt=\"\" class=\"wp-image-17590\" srcset=\"https:\/\/aref-rvsf.ch\/wp-content\/uploads\/2024\/10\/Titre-AG-980x735.jpg 980w, https:\/\/aref-rvsf.ch\/wp-content\/uploads\/2024\/10\/Titre-AG-480x360.jpg 480w\" sizes=\"(min-width: 0px) and (max-width: 480px) 480px, (min-width: 481px) and (max-width: 980px) 980px, (min-width: 981px) 1024px, 100vw\" \/><\/figure>\n\n\n\n<p class=\"has-text-align-center\">Assembl\u00e9e g\u00e9n\u00e9rale<\/p>\n<\/div>\n\n\n\n<div class=\"wp-block-column is-layout-flow wp-block-column-is-layout-flow\">\n<figure class=\"wp-block-image aligncenter size-large\"><img loading=\"lazy\" decoding=\"async\" width=\"1024\" height=\"768\" src=\"https:\/\/aref-rvsf.ch\/wp-content\/uploads\/2024\/10\/Titre-1024x768.jpg\" alt=\"\" class=\"wp-image-17596\" srcset=\"https:\/\/aref-rvsf.ch\/wp-content\/uploads\/2024\/10\/Titre-980x735.jpg 980w, https:\/\/aref-rvsf.ch\/wp-content\/uploads\/2024\/10\/Titre-480x360.jpg 480w\" sizes=\"(min-width: 0px) and (max-width: 480px) 480px, (min-width: 481px) and (max-width: 980px) 980px, (min-width: 981px) 1024px, 100vw\" \/><\/figure>\n\n\n\n<p class=\"has-text-align-center\">Match aux cartes<\/p>\n<\/div>\n\n\n\n<div class=\"wp-block-column is-layout-flow wp-block-column-is-layout-flow\">\n<figure class=\"wp-block-image size-large\"><img decoding=\"async\" src=\"https:\/\/aref-rvsf.ch\/wp-content\/uploads\/2024\/10\/Titre_Pic-Nic2022-1024x768.jpg\" alt=\"\" class=\"wp-image-17592\"\/><figcaption class=\"wp-element-caption\">Pique-Nique<\/figcaption><\/figure>\n<\/div>\n\n\n\n<div class=\"wp-block-column is-layout-flow wp-block-column-is-layout-flow\">\n<figure class=\"wp-block-image size-full is-resized\"><img loading=\"lazy\" decoding=\"async\" width=\"1000\" height=\"667\" src=\"https:\/\/aref-rvsf.ch\/wp-content\/uploads\/2024\/10\/IMG_1785-Modifier.jpg\" alt=\"\" class=\"wp-image-17598\" style=\"width:159px;height:auto\" srcset=\"https:\/\/aref-rvsf.ch\/wp-content\/uploads\/2024\/10\/IMG_1785-Modifier.jpg 1000w, https:\/\/aref-rvsf.ch\/wp-content\/uploads\/2024\/10\/IMG_1785-Modifier-980x654.jpg 980w, https:\/\/aref-rvsf.ch\/wp-content\/uploads\/2024\/10\/IMG_1785-Modifier-480x320.jpg 480w\" sizes=\"(min-width: 0px) and (max-width: 480px) 480px, (min-width: 481px) and (max-width: 980px) 980px, (min-width: 981px) 1000px, 100vw\" \/><figcaption class=\"wp-element-caption\">Sortie annuelle<\/figcaption><\/figure>\n<\/div>\n\n\n\n<div class=\"wp-block-column is-layout-flow wp-block-column-is-layout-flow\">\n<figure class=\"wp-block-image aligncenter size-large\"><a href=\"https:\/\/photos.aref-rvsf.ch\/aref-noel-2022\/\" target=\"_blank\" rel=\"noreferrer noopener\"><img decoding=\"async\" src=\"https:\/\/aref-rvsf.ch\/wp-content\/uploads\/2022\/12\/aref_noel_2-1024x767.jpg\" alt=\"\" class=\"wp-image-13198\"\/><\/a><\/figure>\n\n\n\n<p class=\"has-text-align-center has-small-font-size\">Repas de No\u00ebl<\/p>\n<\/div>\n<\/div>\n\n\n\n<div style=\"height:20px\" aria-hidden=\"true\" class=\"wp-block-spacer\"><\/div>\n\n\n\n<div style=\"height:470px\" aria-hidden=\"true\" class=\"wp-block-spacer\"><\/div>\n","protected":false},"excerpt":{"rendered":"<p>Assembl\u00e9e g\u00e9n\u00e9rale Match aux cartes Repas de No\u00ebl<\/p>\n","protected":false},"author":2,"featured_media":0,"parent":1759,"menu_order":0,"comment_status":"closed","ping_status":"closed","template":"","meta":{"_et_pb_use_builder":"off","_et_pb_old_content":"<!-- wp:columns -->\n<div class=\"wp-block-columns\"><!-- wp:column -->\n<div class=\"wp-block-column\"><!-- wp:image {\"id\":17590,\"sizeSlug\":\"large\",\"linkDestination\":\"custom\",\"align\":\"center\"} -->\n<figure class=\"wp-block-image aligncenter size-large\"><img src=\"https:\/\/aref-rvsf.ch\/wp-content\/uploads\/2024\/10\/Titre-AG-1024x768.jpg\" alt=\"\" class=\"wp-image-17590\"\/><\/figure>\n<!-- \/wp:image -->\n\n<!-- wp:paragraph {\"align\":\"center\"} -->\n<p class=\"has-text-align-center\">Assembl\u00e9e g\u00e9n\u00e9rale<\/p>\n<!-- \/wp:paragraph --><\/div>\n<!-- \/wp:column -->\n\n<!-- wp:column -->\n<div class=\"wp-block-column\"><!-- wp:image {\"id\":17590,\"sizeSlug\":\"large\",\"linkDestination\":\"custom\",\"align\":\"center\"} -->\n<figure class=\"wp-block-image aligncenter size-large\"><img src=\"https:\/\/aref-rvsf.ch\/wp-content\/uploads\/2024\/10\/Titre-AG-1024x768.jpg\" alt=\"\" class=\"wp-image-17590\"\/><\/figure>\n<!-- \/wp:image -->\n\n<!-- wp:paragraph {\"align\":\"center\"} -->\n<p class=\"has-text-align-center\">Match aux cartes<\/p>\n<!-- \/wp:paragraph --><\/div>\n<!-- \/wp:column -->\n\n<!-- wp:column -->\n<div class=\"wp-block-column\"><!-- wp:image {\"id\":17592,\"sizeSlug\":\"large\",\"linkDestination\":\"custom\"} -->\n<figure class=\"wp-block-image size-large\"><img src=\"https:\/\/aref-rvsf.ch\/wp-content\/uploads\/2024\/10\/Titre_Pic-Nic2022-1024x768.jpg\" alt=\"\" class=\"wp-image-17592\"\/><figcaption class=\"wp-element-caption\">Pique-Nique<\/figcaption><\/figure>\n<!-- \/wp:image --><\/div>\n<!-- \/wp:column -->\n\n<!-- wp:column -->\n<div class=\"wp-block-column\"><!-- wp:image {\"id\":17598,\"width\":\"159px\",\"height\":\"auto\",\"sizeSlug\":\"full\",\"linkDestination\":\"custom\"} -->\n<figure class=\"wp-block-image size-full is-resized\"><img src=\"https:\/\/aref-rvsf.ch\/wp-content\/uploads\/2024\/10\/IMG_1785-Modifier.jpg\" alt=\"\" class=\"wp-image-17598\" style=\"width:159px;height:auto\"\/><figcaption class=\"wp-element-caption\">Sortie annuelle<\/figcaption><\/figure>\n<!-- \/wp:image --><\/div>\n<!-- \/wp:column -->\n\n<!-- wp:column -->\n<div class=\"wp-block-column\"><!-- wp:image {\"id\":13198,\"sizeSlug\":\"large\",\"linkDestination\":\"custom\",\"align\":\"center\"} -->\n<figure class=\"wp-block-image aligncenter size-large\"><a href=\"https:\/\/photos.aref-rvsf.ch\/aref-noel-2022\/\" target=\"_blank\" rel=\"noreferrer noopener\"><img src=\"https:\/\/aref-rvsf.ch\/wp-content\/uploads\/2022\/12\/aref_noel_2-1024x767.jpg\" alt=\"\" class=\"wp-image-13198\"\/><\/a><\/figure>\n<!-- \/wp:image -->\n\n<!-- wp:paragraph {\"align\":\"center\",\"fontSize\":\"small\"} -->\n<p class=\"has-text-align-center has-small-font-size\">Repas de No\u00ebl<\/p>\n<!-- \/wp:paragraph --><\/div>\n<!-- \/wp:column --><\/div>\n<!-- \/wp:columns -->\n\n<!-- wp:spacer {\"height\":\"20px\"} -->\n<div style=\"height:20px\" aria-hidden=\"true\" class=\"wp-block-spacer\"><\/div>\n<!-- \/wp:spacer -->\n\n<!-- wp:spacer {\"height\":\"470px\"} -->\n<div style=\"height:470px\" aria-hidden=\"true\" class=\"wp-block-spacer\"><\/div>\n<!-- \/wp:spacer -->","_et_gb_content_width":"","footnotes":""},"class_list":["post-14700","page","type-page","status-publish","hentry"],"_links":{"self":[{"href":"https:\/\/aref-rvsf.ch\/fr\/wp-json\/wp\/v2\/pages\/14700"}],"collection":[{"href":"https:\/\/aref-rvsf.ch\/fr\/wp-json\/wp\/v2\/pages"}],"about":[{"href":"https:\/\/aref-rvsf.ch\/fr\/wp-json\/wp\/v2\/types\/page"}],"author":[{"embeddable":true,"href":"https:\/\/aref-rvsf.ch\/fr\/wp-json\/wp\/v2\/users\/2"}],"replies":[{"embeddable":true,"href":"https:\/\/aref-rvsf.ch\/fr\/wp-json\/wp\/v2\/comments?post=14700"}],"version-history":[{"count":4,"href":"https:\/\/aref-rvsf.ch\/fr\/wp-json\/wp\/v2\/pages\/14700\/revisions"}],"predecessor-version":[{"id":17668,"href":"https:\/\/aref-rvsf.ch\/fr\/wp-json\/wp\/v2\/pages\/14700\/revisions\/17668"}],"up":[{"embeddable":true,"href":"https:\/\/aref-rvsf.ch\/fr\/wp-json\/wp\/v2\/pages\/1759"}],"wp:attachment":[{"href":"https:\/\/aref-rvsf.ch\/fr\/wp-json\/wp\/v2\/media?parent=14700"}],"curies":[{"name":"wp","href":"https:\/\/api.w.org\/{rel}","templated":true}]}}