{"id":6104,"date":"2020-11-30T16:56:02","date_gmt":"2020-11-30T15:56:02","guid":{"rendered":"https:\/\/aref-rvsf.ch\/?page_id=6104"},"modified":"2021-09-30T16:11:40","modified_gmt":"2021-09-30T14:11:40","slug":"weihnachtsanlass-2021","status":"publish","type":"page","link":"https:\/\/aref-rvsf.ch\/de\/anlaesse\/weihnachtsanlass-2021\/","title":{"rendered":"Weihnachtsanlass 2021"},"content":{"rendered":"\n<div style=\"height:20px\" aria-hidden=\"true\" class=\"wp-block-spacer\"><\/div>\n\n<p style=\"font-size:18px\">Liebe RVSF Mitglieder,<\/p>\n\n<p style=\"font-size:18px\"><\/p>\n\n<p style=\"font-size:18px\"><p>Wir ersuchen Sie, das Datum vom <strong>7. Dezember 2021<\/strong> vormerken zu wollen.<br\/><br\/>Einzelheiten werden folgen. \u00a0 \u00a0 \u00a0<\/p><\/p>\n\n<div style=\"height:300px\" aria-hidden=\"true\" class=\"wp-block-spacer\"><\/div>\n","protected":false},"excerpt":{"rendered":"<p>Liebe RVSF Mitglieder, Wir ersuchen Sie, das Datum vom 7. Dezember 2021 vormerken zu wollen. Einzelheiten werden folgen. \u00a0 \u00a0 \u00a0<\/p>\n","protected":false},"author":2,"featured_media":0,"parent":1736,"menu_order":0,"comment_status":"closed","ping_status":"closed","template":"","meta":{"_et_pb_use_builder":"off","_et_pb_old_content":"<!-- wp:spacer {\"height\":50} -->\r\n<div class=\"wp-block-spacer\" style=\"height: 50px;\" aria-hidden=\"true\">\u00a0<\/div>\r\n<!-- \/wp:spacer --><!-- wp:heading {\"level\":3} -->\r\n<h3>Bitte Datum vormerken<\/h3>\r\n<!-- \/wp:heading --><!-- wp:heading {\"level\":3} -->\r\n<h3>Notre traditionnelle soir\u00e9e de No\u00ebl aura lieu le 1er d\u00e9cembre 2020 \/ d\u00e9tails suivront.<\/h3>\r\n<!-- \/wp:heading --><!-- wp:spacer {\"height\":20} -->\r\n<div class=\"wp-block-spacer\" style=\"height: 20px;\" aria-hidden=\"true\">\u00a0<\/div>\r\n<!-- \/wp:spacer --><!-- wp:spacer {\"height\":200} -->\r\n<div class=\"wp-block-spacer\" style=\"height: 200px;\" aria-hidden=\"true\">\u00a0<\/div>\r\n<!-- \/wp:spacer -->","_et_gb_content_width":"","footnotes":""},"class_list":["post-6104","page","type-page","status-publish","hentry"],"_links":{"self":[{"href":"https:\/\/aref-rvsf.ch\/de\/wp-json\/wp\/v2\/pages\/6104"}],"collection":[{"href":"https:\/\/aref-rvsf.ch\/de\/wp-json\/wp\/v2\/pages"}],"about":[{"href":"https:\/\/aref-rvsf.ch\/de\/wp-json\/wp\/v2\/types\/page"}],"author":[{"embeddable":true,"href":"https:\/\/aref-rvsf.ch\/de\/wp-json\/wp\/v2\/users\/2"}],"replies":[{"embeddable":true,"href":"https:\/\/aref-rvsf.ch\/de\/wp-json\/wp\/v2\/comments?post=6104"}],"version-history":[{"count":7,"href":"https:\/\/aref-rvsf.ch\/de\/wp-json\/wp\/v2\/pages\/6104\/revisions"}],"predecessor-version":[{"id":7965,"href":"https:\/\/aref-rvsf.ch\/de\/wp-json\/wp\/v2\/pages\/6104\/revisions\/7965"}],"up":[{"embeddable":true,"href":"https:\/\/aref-rvsf.ch\/de\/wp-json\/wp\/v2\/pages\/1736"}],"wp:attachment":[{"href":"https:\/\/aref-rvsf.ch\/de\/wp-json\/wp\/v2\/media?parent=6104"}],"curies":[{"name":"wp","href":"https:\/\/api.w.org\/{rel}","templated":true}]}}