{"id":3640,"date":"2020-01-27T10:15:29","date_gmt":"2020-01-27T09:15:29","guid":{"rendered":"https:\/\/new.aref-rvsf.ch\/picknick-2018\/"},"modified":"2020-01-27T10:15:29","modified_gmt":"2020-01-27T09:15:29","slug":"picknick-2018","status":"publish","type":"page","link":"https:\/\/aref-rvsf.ch\/de\/fotogalerie\/picknick-2018\/","title":{"rendered":"Picknick 2018"},"content":{"rendered":"<p>[et_pb_section fb_built=&#8220;1&#8243; _builder_version=&#8220;4.2.2&#8243;][et_pb_row _builder_version=&#8220;4.2.2&#8243;][et_pb_column _builder_version=&#8220;4.2.2&#8243; type=&#8220;4_4&#8243;][et_pb_text _builder_version=&#8220;4.2.2&#8243; hover_enabled=&#8220;0&#8243;]<\/p>\n<h2><span>Picknick 2018<\/span><\/h2>\n<p>[\/et_pb_text][\/et_pb_column][\/et_pb_row][et_pb_row _builder_version=&#8220;4.2.2&#8243;][et_pb_column _builder_version=&#8220;4.2.2&#8243; type=&#8220;4_4&#8243;][et_pb_gallery _builder_version=&#8220;4.2.2&#8243; posts_number=&#8220;99&#8243; show_title_and_caption=&#8220;off&#8220; gallery_ids=&#8220;2496,2498,2500,2502,2504,2506,2508,2510,2512,2514,2516,2518,2520,2522,2524,2526,2528,2530,2532,2534,2536,2538,2541,2543,2545&#8243; hover_enabled=&#8220;0&#8243;][\/et_pb_gallery][\/et_pb_column][\/et_pb_row][et_pb_row _builder_version=&#8220;4.2.2&#8243;][et_pb_column _builder_version=&#8220;4.2.2&#8243; type=&#8220;4_4&#8243;][et_pb_text _builder_version=&#8220;4.2.2&#8243; hover_enabled=&#8220;0&#8243;]<\/p>\n<h6><em>Fotokredit : <\/em><i>D\u00e9d\u00e9e und Jean-Fran\u00e7ois Comment<\/i><span style=\"display: inline !important; float: none; background-color: #eeeeee; color: #333333; font-family: 'Open Sans',Arial,sans-serif; font-size: 14px; font-style: normal; font-variant: normal; font-weight: 500; letter-spacing: normal; line-height: 1em; orphans: 2; text-align: left; text-decoration: none; text-indent: 0px; text-transform: none; -webkit-text-stroke-width: 0px; white-space: normal; word-spacing: 0px;\">\u00a0<\/span><\/h6>\n<p>[\/et_pb_text][\/et_pb_column][\/et_pb_row][\/et_pb_section]<\/p>\n","protected":false},"excerpt":{"rendered":"<p>Picknick 2018 Fotokredit : D\u00e9d\u00e9e und Jean-Fran\u00e7ois Comment\u00a0<\/p>\n","protected":false},"author":2,"featured_media":0,"parent":1762,"menu_order":0,"comment_status":"closed","ping_status":"closed","template":"","meta":{"_et_pb_use_builder":"on","_et_pb_old_content":"","_et_gb_content_width":"","footnotes":""},"class_list":["post-3640","page","type-page","status-publish","hentry"],"_links":{"self":[{"href":"https:\/\/aref-rvsf.ch\/de\/wp-json\/wp\/v2\/pages\/3640"}],"collection":[{"href":"https:\/\/aref-rvsf.ch\/de\/wp-json\/wp\/v2\/pages"}],"about":[{"href":"https:\/\/aref-rvsf.ch\/de\/wp-json\/wp\/v2\/types\/page"}],"author":[{"embeddable":true,"href":"https:\/\/aref-rvsf.ch\/de\/wp-json\/wp\/v2\/users\/2"}],"replies":[{"embeddable":true,"href":"https:\/\/aref-rvsf.ch\/de\/wp-json\/wp\/v2\/comments?post=3640"}],"version-history":[{"count":2,"href":"https:\/\/aref-rvsf.ch\/de\/wp-json\/wp\/v2\/pages\/3640\/revisions"}],"predecessor-version":[{"id":3642,"href":"https:\/\/aref-rvsf.ch\/de\/wp-json\/wp\/v2\/pages\/3640\/revisions\/3642"}],"up":[{"embeddable":true,"href":"https:\/\/aref-rvsf.ch\/de\/wp-json\/wp\/v2\/pages\/1762"}],"wp:attachment":[{"href":"https:\/\/aref-rvsf.ch\/de\/wp-json\/wp\/v2\/media?parent=3640"}],"curies":[{"name":"wp","href":"https:\/\/api.w.org\/{rel}","templated":true}]}}