{"id":3632,"date":"2020-01-27T10:06:13","date_gmt":"2020-01-27T09:06:13","guid":{"rendered":"https:\/\/new.aref-rvsf.ch\/weinachtsfeier\/"},"modified":"2023-03-10T19:04:11","modified_gmt":"2023-03-10T18:04:11","slug":"weinachtsfeier-2019","status":"publish","type":"page","link":"https:\/\/aref-rvsf.ch\/de\/fotogalerie\/weinachtsfeier-2019\/","title":{"rendered":"Weinachtsfeier 2019"},"content":{"rendered":"<p>[et_pb_section fb_built=&#8220;1&#8243; _builder_version=&#8220;4.2.2&#8243;][et_pb_row _builder_version=&#8220;4.2.2&#8243;][et_pb_column type=&#8220;4_4&#8243; _builder_version=&#8220;4.2.2&#8243;][et_pb_text _builder_version=&#8220;4.2.2&#8243; hover_enabled=&#8220;0&#8243;]<\/p>\n<h2>Weinachtsfeier 2019<\/h2>\n<p>[\/et_pb_text][\/et_pb_column][\/et_pb_row][et_pb_row _builder_version=&#8220;4.2.2&#8243;][et_pb_column type=&#8220;4_4&#8243; _builder_version=&#8220;4.2.2&#8243;][et_pb_gallery gallery_ids=&#8220;2398,2386,2394,2396,2388,2390,2402,2404,2392,2408,2406,2410,2412,2414,2418,2400,2420,2422,2424,2426,2428,2430,2416,2474,2472,2470,2468,2466,2462,2460,2454,2456,2448,2438,2436,2434,2464,2458,2452,2450,2446,2444,2442,2440,2432&#8243; posts_number=&#8220;99&#8243; show_title_and_caption=&#8220;off&#8220; _builder_version=&#8220;4.2.2&#8243;][\/et_pb_gallery][\/et_pb_column][\/et_pb_row][et_pb_row _builder_version=&#8220;4.2.2&#8243;][et_pb_column type=&#8220;4_4&#8243; _builder_version=&#8220;4.2.2&#8243;][et_pb_text _builder_version=&#8220;4.2.2&#8243;]<\/p>\n<h6>Fotokredit : D\u00e9d\u00e9e und Jean-Fran\u00e7ois Comment, Georges Godel und Roland Schmutz<\/h6>\n<p>[\/et_pb_text][\/et_pb_column][\/et_pb_row][\/et_pb_section]<\/p>\n","protected":false},"excerpt":{"rendered":"<p>Weinachtsfeier 2019 Fotokredit : D\u00e9d\u00e9e und Jean-Fran\u00e7ois Comment, Georges Godel und Roland Schmutz<\/p>\n","protected":false},"author":2,"featured_media":0,"parent":1762,"menu_order":0,"comment_status":"closed","ping_status":"closed","template":"","meta":{"_et_pb_use_builder":"on","_et_pb_old_content":"","_et_gb_content_width":"","footnotes":""},"class_list":["post-3632","page","type-page","status-publish","hentry"],"_links":{"self":[{"href":"https:\/\/aref-rvsf.ch\/de\/wp-json\/wp\/v2\/pages\/3632"}],"collection":[{"href":"https:\/\/aref-rvsf.ch\/de\/wp-json\/wp\/v2\/pages"}],"about":[{"href":"https:\/\/aref-rvsf.ch\/de\/wp-json\/wp\/v2\/types\/page"}],"author":[{"embeddable":true,"href":"https:\/\/aref-rvsf.ch\/de\/wp-json\/wp\/v2\/users\/2"}],"replies":[{"embeddable":true,"href":"https:\/\/aref-rvsf.ch\/de\/wp-json\/wp\/v2\/comments?post=3632"}],"version-history":[{"count":9,"href":"https:\/\/aref-rvsf.ch\/de\/wp-json\/wp\/v2\/pages\/3632\/revisions"}],"predecessor-version":[{"id":13703,"href":"https:\/\/aref-rvsf.ch\/de\/wp-json\/wp\/v2\/pages\/3632\/revisions\/13703"}],"up":[{"embeddable":true,"href":"https:\/\/aref-rvsf.ch\/de\/wp-json\/wp\/v2\/pages\/1762"}],"wp:attachment":[{"href":"https:\/\/aref-rvsf.ch\/de\/wp-json\/wp\/v2\/media?parent=3632"}],"curies":[{"name":"wp","href":"https:\/\/api.w.org\/{rel}","templated":true}]}}