{"id":3604,"date":"2020-01-24T18:29:24","date_gmt":"2020-01-24T17:29:24","guid":{"rendered":"https:\/\/new.aref-rvsf.ch\/picknick-2019\/"},"modified":"2020-01-24T18:44:57","modified_gmt":"2020-01-24T17:44:57","slug":"picknick-2019","status":"publish","type":"page","link":"https:\/\/aref-rvsf.ch\/de\/fotogalerie\/picknick-2019\/","title":{"rendered":"Picknick 2019"},"content":{"rendered":"<p>[et_pb_section fb_built=&#8220;1&#8243; _builder_version=&#8220;4.2.2&#8243;][et_pb_row _builder_version=&#8220;4.2.2&#8243;][et_pb_column type=&#8220;4_4&#8243; _builder_version=&#8220;4.2.2&#8243;][et_pb_text _builder_version=&#8220;4.2.2&#8243;]<\/p>\n<h2>Picknick<\/h2>\n<p>[\/et_pb_text][\/et_pb_column][\/et_pb_row][et_pb_row _builder_version=&#8220;4.2.2&#8243;][et_pb_column type=&#8220;4_4&#8243; _builder_version=&#8220;4.2.2&#8243;][et_pb_gallery gallery_ids=&#8220;2185,2189,2218,2183,2181,2179,2177,2175,2191,2203,2197,2213,2216,2201,2195,2199,2193,2205,2211,2209,2207,2187&#8243; posts_number=&#8220;99&#8243; show_title_and_caption=&#8220;off&#8220; _builder_version=&#8220;4.2.2&#8243;][\/et_pb_gallery][\/et_pb_column][\/et_pb_row][et_pb_row _builder_version=&#8220;4.2.2&#8243;][et_pb_column _builder_version=&#8220;4.2.2&#8243; type=&#8220;4_4&#8243;][et_pb_text _builder_version=&#8220;4.2.2&#8243; hover_enabled=&#8220;0&#8243;]<\/p>\n<h6><span style=\"color: #999999;\">Fotokredit : D\u00e9d\u00e9e et Jean-Fran\u00e7ois Comment<\/span><\/h6>\n<p>[\/et_pb_text][\/et_pb_column][\/et_pb_row][\/et_pb_section]<\/p>\n","protected":false},"excerpt":{"rendered":"<p>PicknickFotokredit : D\u00e9d\u00e9e et Jean-Fran\u00e7ois Comment<\/p>\n","protected":false},"author":2,"featured_media":0,"parent":1762,"menu_order":0,"comment_status":"closed","ping_status":"closed","template":"","meta":{"_et_pb_use_builder":"on","_et_pb_old_content":"","_et_gb_content_width":"","footnotes":""},"class_list":["post-3604","page","type-page","status-publish","hentry"],"_links":{"self":[{"href":"https:\/\/aref-rvsf.ch\/de\/wp-json\/wp\/v2\/pages\/3604"}],"collection":[{"href":"https:\/\/aref-rvsf.ch\/de\/wp-json\/wp\/v2\/pages"}],"about":[{"href":"https:\/\/aref-rvsf.ch\/de\/wp-json\/wp\/v2\/types\/page"}],"author":[{"embeddable":true,"href":"https:\/\/aref-rvsf.ch\/de\/wp-json\/wp\/v2\/users\/2"}],"replies":[{"embeddable":true,"href":"https:\/\/aref-rvsf.ch\/de\/wp-json\/wp\/v2\/comments?post=3604"}],"version-history":[{"count":5,"href":"https:\/\/aref-rvsf.ch\/de\/wp-json\/wp\/v2\/pages\/3604\/revisions"}],"predecessor-version":[{"id":3613,"href":"https:\/\/aref-rvsf.ch\/de\/wp-json\/wp\/v2\/pages\/3604\/revisions\/3613"}],"up":[{"embeddable":true,"href":"https:\/\/aref-rvsf.ch\/de\/wp-json\/wp\/v2\/pages\/1762"}],"wp:attachment":[{"href":"https:\/\/aref-rvsf.ch\/de\/wp-json\/wp\/v2\/media?parent=3604"}],"curies":[{"name":"wp","href":"https:\/\/api.w.org\/{rel}","templated":true}]}}