{"id":19508,"date":"2025-12-10T13:43:11","date_gmt":"2025-12-10T12:43:11","guid":{"rendered":"https:\/\/aref-rvsf.ch\/?page_id=19508"},"modified":"2025-12-16T10:28:14","modified_gmt":"2025-12-16T09:28:14","slug":"fotos-2025","status":"publish","type":"page","link":"https:\/\/aref-rvsf.ch\/de\/fotos-2025\/","title":{"rendered":"Fotos 2025"},"content":{"rendered":"<p>[et_pb_section fb_built=&#8220;1&#8243; _builder_version=&#8220;4.24.2&#8243; _module_preset=&#8220;default&#8220; min_height=&#8220;798.4px&#8220; global_colors_info=&#8220;{}&#8220;][et_pb_row _builder_version=&#8220;4.24.2&#8243; _module_preset=&#8220;default&#8220; global_colors_info=&#8220;{}&#8220;][et_pb_column type=&#8220;4_4&#8243; _builder_version=&#8220;4.24.2&#8243; _module_preset=&#8220;default&#8220; global_colors_info=&#8220;{}&#8220;][et_pb_text _builder_version=&#8220;4.27.0&#8243; _module_preset=&#8220;default&#8220; global_colors_info=&#8220;{}&#8220;]<\/p>\n<div class=\"et_pb_row et_pb_row_0\">\n<div class=\"et_pb_column et_pb_column_4_4 et_pb_column_0  et_pb_css_mix_blend_mode_passthrough et-last-child\">\n<div class=\"et_pb_module et_pb_text et_pb_text_0  et_pb_text_align_left et_pb_bg_layout_light\">\n<div class=\"et_pb_text_inner\">\n<h1>Fotogalerie<\/h1>\n<\/div>\n<\/div>\n<\/div>\n<\/div>\n<p>[\/et_pb_text][et_pb_text _builder_version=&#8220;4.27.0&#8243; _module_preset=&#8220;default&#8220; global_colors_info=&#8220;{}&#8220;]<\/p>\n<div class=\"et_pb_row et_pb_row_0\">\n<div class=\"et_pb_column et_pb_column_4_4 et_pb_column_0  et_pb_css_mix_blend_mode_passthrough et-last-child\">\n<div class=\"et_pb_module et_pb_text et_pb_text_0  et_pb_text_align_left et_pb_bg_layout_light\">\n<div class=\"et_pb_text_inner\">\n<p>Die RFSV unterliegt dem Gesetz zum Schutz von Daten und Personen. Wenn ein Mitglied nicht m\u00f6chte, dass ein bei einer unserer Veranstaltungen aufgenommenes Foto auf unserer Website ver\u00f6ffentlicht wird, kann es dies dem Webmaster \u00fcber die Seite \u201e<a href=\"https:\/\/aref-rvsf.ch\/de\/willkomen\/kontakt\/\" target=\"_blank\" rel=\"noopener\">Kontakt<\/a>\u201c unserer Website mitteilen.<\/p>\n<\/div>\n<\/div>\n<\/div>\n<\/div>\n<p>[\/et_pb_text][\/et_pb_column][\/et_pb_row][et_pb_row column_structure=&#8220;1_4,1_4,1_4,1_4&#8243; _builder_version=&#8220;4.24.2&#8243; _module_preset=&#8220;default&#8220; global_colors_info=&#8220;{}&#8220;][et_pb_column type=&#8220;1_4&#8243; _builder_version=&#8220;4.24.2&#8243; _module_preset=&#8220;default&#8220; global_colors_info=&#8220;{}&#8220;][et_pb_image src=&#8220;https:\/\/aref-rvsf.ch\/wp-content\/uploads\/2025\/06\/grangeneuve-Modifier-copie.jpg&#8220; title_text=&#8220;grangeneuve-Modifier copie&#8220; url=&#8220;https:\/\/photos.aref-rvsf.ch\/ag2025\/#&#8220; url_new_window=&#8220;on&#8220; _builder_version=&#8220;4.27.0&#8243; _module_preset=&#8220;default&#8220; global_colors_info=&#8220;{}&#8220;][\/et_pb_image][\/et_pb_column][et_pb_column type=&#8220;1_4&#8243; _builder_version=&#8220;4.24.2&#8243; _module_preset=&#8220;default&#8220; global_colors_info=&#8220;{}&#8220;][et_pb_image src=&#8220;https:\/\/aref-rvsf.ch\/wp-content\/uploads\/2025\/08\/titre-2025-scaled.jpg&#8220; title_text=&#8220;titre-2025&#8243; url=&#8220;https:\/\/photos.aref-rvsf.ch\/pique-nique-2025\/&#8220; url_new_window=&#8220;on&#8220; _builder_version=&#8220;4.27.0&#8243; _module_preset=&#8220;default&#8220; global_colors_info=&#8220;{}&#8220;][\/et_pb_image][\/et_pb_column][et_pb_column type=&#8220;1_4&#8243; _builder_version=&#8220;4.24.2&#8243; _module_preset=&#8220;default&#8220; global_colors_info=&#8220;{}&#8220;][et_pb_image src=&#8220;https:\/\/aref-rvsf.ch\/wp-content\/uploads\/2025\/09\/Brenets-2025.jpg&#8220; title_text=&#8220;Brenets-2025&#8243; url=&#8220;https:\/\/photos.aref-rvsf.ch\/brenets\/#&#8220; url_new_window=&#8220;on&#8220; _builder_version=&#8220;4.27.0&#8243; _module_preset=&#8220;default&#8220; min_height=&#8220;170.4px&#8220; custom_margin=&#8220;||24px|||&#8220; global_colors_info=&#8220;{}&#8220;][\/et_pb_image][\/et_pb_column][et_pb_column type=&#8220;1_4&#8243; _builder_version=&#8220;4.24.2&#8243; _module_preset=&#8220;default&#8220; global_colors_info=&#8220;{}&#8220;][et_pb_image src=&#8220;https:\/\/aref-rvsf.ch\/wp-content\/uploads\/2025\/12\/Titre-Noel-scaled.jpg&#8220; title_text=&#8220;Titre No\u00ebl&#8220; url=&#8220;https:\/\/photos.aref-rvsf.ch\/noel2025&#8243; url_new_window=&#8220;on&#8220; _builder_version=&#8220;4.27.0&#8243; _module_preset=&#8220;default&#8220; global_colors_info=&#8220;{}&#8220;][\/et_pb_image][\/et_pb_column][\/et_pb_row][\/et_pb_section]<\/p>\n","protected":false},"excerpt":{"rendered":"<p>Fotogalerie Die RFSV unterliegt dem Gesetz zum Schutz von Daten und Personen. Wenn ein Mitglied nicht m\u00f6chte, dass ein bei einer unserer Veranstaltungen aufgenommenes Foto auf unserer Website ver\u00f6ffentlicht wird, kann es dies dem Webmaster \u00fcber die Seite \u201eKontakt\u201c unserer Website mitteilen.<\/p>\n","protected":false},"author":2,"featured_media":0,"parent":0,"menu_order":0,"comment_status":"closed","ping_status":"closed","template":"","meta":{"_et_pb_use_builder":"on","_et_pb_old_content":"","_et_gb_content_width":"","footnotes":""},"class_list":["post-19508","page","type-page","status-publish","hentry"],"_links":{"self":[{"href":"https:\/\/aref-rvsf.ch\/de\/wp-json\/wp\/v2\/pages\/19508"}],"collection":[{"href":"https:\/\/aref-rvsf.ch\/de\/wp-json\/wp\/v2\/pages"}],"about":[{"href":"https:\/\/aref-rvsf.ch\/de\/wp-json\/wp\/v2\/types\/page"}],"author":[{"embeddable":true,"href":"https:\/\/aref-rvsf.ch\/de\/wp-json\/wp\/v2\/users\/2"}],"replies":[{"embeddable":true,"href":"https:\/\/aref-rvsf.ch\/de\/wp-json\/wp\/v2\/comments?post=19508"}],"version-history":[{"count":16,"href":"https:\/\/aref-rvsf.ch\/de\/wp-json\/wp\/v2\/pages\/19508\/revisions"}],"predecessor-version":[{"id":20507,"href":"https:\/\/aref-rvsf.ch\/de\/wp-json\/wp\/v2\/pages\/19508\/revisions\/20507"}],"wp:attachment":[{"href":"https:\/\/aref-rvsf.ch\/de\/wp-json\/wp\/v2\/media?parent=19508"}],"curies":[{"name":"wp","href":"https:\/\/api.w.org\/{rel}","templated":true}]}}