{"id":1683,"date":"2020-01-13T12:09:08","date_gmt":"2020-01-13T11:09:08","guid":{"rendered":"https:\/\/new.aref-rvsf.ch\/ein-wort-des-praesidenten\/"},"modified":"2025-09-30T09:45:17","modified_gmt":"2025-09-30T07:45:17","slug":"das-wort-der-praesidentin","status":"publish","type":"page","link":"https:\/\/aref-rvsf.ch\/de\/willkomen\/das-wort-der-praesidentin\/","title":{"rendered":"Grusswort des Vorstandes"},"content":{"rendered":"<p>[et_pb_section fb_built=&#8220;1&#8243; admin_label=&#8220;section&#8220; _builder_version=&#8220;4.16&#8243; global_colors_info=&#8220;{}&#8220;][et_pb_row admin_label=&#8220;row&#8220; _builder_version=&#8220;4.16&#8243; background_size=&#8220;initial&#8220; background_position=&#8220;top_left&#8220; background_repeat=&#8220;repeat&#8220; global_colors_info=&#8220;{}&#8220;][et_pb_column type=&#8220;4_4&#8243; _builder_version=&#8220;4.16&#8243; custom_padding=&#8220;|||&#8220; global_colors_info=&#8220;{}&#8220; custom_padding__hover=&#8220;|||&#8220;][et_pb_text admin_label=&#8220;Text&#8220; _builder_version=&#8220;4.27.0&#8243; text_font_size=&#8220;18px&#8220; background_size=&#8220;initial&#8220; background_position=&#8220;top_left&#8220; background_repeat=&#8220;repeat&#8220; hover_enabled=&#8220;0&#8243; global_colors_info=&#8220;{}&#8220; sticky_enabled=&#8220;0&#8243;]<\/p>\n<p>&nbsp;<\/p>\n<p>Gesch\u00e4tzte Mitglieder der RVSF<br \/>Liebe Rentnerinnen und Rentner des Staates Freiburg<\/p>\n<p>Ihr Vorstand freut sich, Sie auf der Website unserer Vereinigung begr\u00fcssen zu d\u00fcrfen. Vor 82 Jahren, genauer gesagt am 18. September 1943, haben einige Pioniere mit Enthusiasmus unseren Verband gegr\u00fcndet. Dieser hat sich wie jede andere Vereinigung weiterentwickelt.<\/p>\n<p>Besonders zu erw\u00e4hnen ist der Beitritt der RVSF am 15. Juni 1993 als Kollektivmitglied zur Freiburgischen Rentnervereinigung <a href=\"https:\/\/www.ffr-frv.ch\/de\/\" target=\"_blank\" rel=\"noopener\">FRV<\/a>. Diese hat 7&#8217;200 Mitglieder und vertritt die sozialen, kulturellen und wirtschaftlichen Interessen seiner Mitglieder auf kantonaler und indirekt auch auf nationaler Ebene, da sie Mitglied des 300&#8217;000 Mitglieder z\u00e4hlenden Schweizerischen Seniorenrates <a href=\"https:\/\/ssr-csa.ch\/\" target=\"_blank\" rel=\"noopener\">SSR<\/a> ist.<\/p>\n<p>Wir hoffen, dass Sie in den verschiedenen Rubriken die Informationen finden, die Ihnen n\u00fctzlich sind. Falls Sie Verbesserungsvorschl\u00e4ge haben, z\u00f6gern Sie nicht, uns diese mitzuteilen. Wir sind Ihnen dankbar daf\u00fcr.<\/p>\n<p>&nbsp;<\/p>\n<p>Ihr Vorstand<\/p>\n<p class=\"has-medium-font-size\"><a href=\"mailto:webmaster@aref-rvsf.ch\">webmaster@aref-rvsf.ch<\/a><br \/><a href=\"https:\/\/aref-rvsf.ch\/fr\/bienvenue\/contact\/\" target=\"_blank\" rel=\"noopener\">Contact<\/a><\/p>\n<div class=\"wp-block-spacer\" style=\"height: 200px;\" aria-hidden=\"true\">\u00a0<\/div>\n<p>[\/et_pb_text][\/et_pb_column][\/et_pb_row][\/et_pb_section]<\/p>\n","protected":false},"excerpt":{"rendered":"<p>&nbsp; Gesch\u00e4tzte Mitglieder der RVSFLiebe Rentnerinnen und Rentner des Staates Freiburg Ihr Vorstand freut sich, Sie auf der Website unserer Vereinigung begr\u00fcssen zu d\u00fcrfen. Vor 82 Jahren, genauer gesagt am 18. September 1943, haben einige Pioniere mit Enthusiasmus unseren Verband gegr\u00fcndet. Dieser hat sich wie jede andere Vereinigung weiterentwickelt. Besonders zu erw\u00e4hnen ist der Beitritt [&hellip;]<\/p>\n","protected":false},"author":1,"featured_media":0,"parent":3528,"menu_order":0,"comment_status":"closed","ping_status":"closed","template":"","meta":{"_et_pb_use_builder":"on","_et_pb_old_content":"","_et_gb_content_width":"","footnotes":""},"class_list":["post-1683","page","type-page","status-publish","hentry"],"_links":{"self":[{"href":"https:\/\/aref-rvsf.ch\/de\/wp-json\/wp\/v2\/pages\/1683"}],"collection":[{"href":"https:\/\/aref-rvsf.ch\/de\/wp-json\/wp\/v2\/pages"}],"about":[{"href":"https:\/\/aref-rvsf.ch\/de\/wp-json\/wp\/v2\/types\/page"}],"author":[{"embeddable":true,"href":"https:\/\/aref-rvsf.ch\/de\/wp-json\/wp\/v2\/users\/1"}],"replies":[{"embeddable":true,"href":"https:\/\/aref-rvsf.ch\/de\/wp-json\/wp\/v2\/comments?post=1683"}],"version-history":[{"count":66,"href":"https:\/\/aref-rvsf.ch\/de\/wp-json\/wp\/v2\/pages\/1683\/revisions"}],"predecessor-version":[{"id":20018,"href":"https:\/\/aref-rvsf.ch\/de\/wp-json\/wp\/v2\/pages\/1683\/revisions\/20018"}],"up":[{"embeddable":true,"href":"https:\/\/aref-rvsf.ch\/de\/wp-json\/wp\/v2\/pages\/3528"}],"wp:attachment":[{"href":"https:\/\/aref-rvsf.ch\/de\/wp-json\/wp\/v2\/media?parent=1683"}],"curies":[{"name":"wp","href":"https:\/\/api.w.org\/{rel}","templated":true}]}}