{"id":14433,"date":"2023-04-25T10:19:43","date_gmt":"2023-04-25T08:19:43","guid":{"rendered":"https:\/\/aref-rvsf.ch\/picknick-der-rvsf\/"},"modified":"2024-04-23T11:23:35","modified_gmt":"2024-04-23T09:23:35","slug":"picknick-der-rvsf","status":"publish","type":"page","link":"https:\/\/aref-rvsf.ch\/de\/picknick-der-rvsf\/","title":{"rendered":"Picknick der RVSF"},"content":{"rendered":"<p>[et_pb_section fb_built=&#8220;1&#8243; _builder_version=&#8220;4.20.4&#8243; _module_preset=&#8220;default&#8220; global_colors_info=&#8220;{}&#8220;][et_pb_row _builder_version=&#8220;4.20.4&#8243; _module_preset=&#8220;default&#8220; global_colors_info=&#8220;{}&#8220;][et_pb_column type=&#8220;4_4&#8243; _builder_version=&#8220;4.20.4&#8243; _module_preset=&#8220;default&#8220; global_colors_info=&#8220;{}&#8220;][et_pb_image src=&#8220;https:\/\/aref-rvsf.ch\/wp-content\/uploads\/2021\/04\/barbecue.jpg&#8220; title_text=&#8220;Barbecue&#8220; align=&#8220;center&#8220; _builder_version=&#8220;4.20.4&#8243; _module_preset=&#8220;default&#8220; min_height=&#8220;100px&#8220; custom_margin=&#8220;||67px|||&#8220; custom_padding=&#8220;||4px|||&#8220; global_colors_info=&#8220;{}&#8220;][\/et_pb_image][et_pb_text _builder_version=&#8220;4.24.2&#8243; _module_preset=&#8220;default&#8220; hover_enabled=&#8220;0&#8243; global_colors_info=&#8220;{}&#8220; sticky_enabled=&#8220;0&#8243;]<\/p>\n<h1 style=\"text-align: center;\"><strong>PICKNICK DER RVSF<\/strong><\/h1>\n<p>[\/et_pb_text][et_pb_text _builder_version=&#8220;4.20.4&#8243; _module_preset=&#8220;default&#8220; text_font_size=&#8220;18px&#8220; global_colors_info=&#8220;{}&#8220;]<\/p>\n<p>Um gemeinsam einen angenehmen Sommertag in idyllischer Atmosph\u00e4re, bei guter Laune und heiterer Stimmung zu verbringen, ist ein Picknick der ideale Anlass.<\/p>\n<p>Es ist vorgesehen am:<\/p>\n<p>[\/et_pb_text][et_pb_text _builder_version=&#8220;4.24.2&#8243; _module_preset=&#8220;default&#8220; global_colors_info=&#8220;{}&#8220;]<\/p>\n<h2 style=\"text-align: center;\"><strong>Mittwoch, 7. August 2024<br \/><\/strong><strong>beim Fussballplatz Neyruz<br \/><\/strong><strong>ab 10:30 Uhr<\/strong><\/h2>\n<p>[\/et_pb_text][et_pb_text _builder_version=&#8220;4.20.4&#8243; _module_preset=&#8220;default&#8220; text_font_size=&#8220;18px&#8220; custom_padding=&#8220;||0px|||&#8220; global_colors_info=&#8220;{}&#8220;]<\/p>\n<p>F\u00fcr die Verpflegung und das Geschirr ist selbst zu sorgen. <br \/>Bei ung\u00fcnstiger Witterung steht ein Saal zur Verf\u00fcgung!<\/p>\n<p>&nbsp;<\/p>\n<p>Es besteht die M\u00f6glichkeit, vor Ort Getr\u00e4nke zu g\u00fcnstigen Preisen zu beziehen. Zum Grillieren stehen Feuerstellen bereit.<\/p>\n<p><strong>Der Aperitif wird ab 11:00 Uhr von der RVSF offeriert.<\/strong><\/p>\n<p>[\/et_pb_text][et_pb_text _builder_version=&#8220;4.20.4&#8243; _module_preset=&#8220;default&#8220; text_font_size=&#8220;18px&#8220; global_colors_info=&#8220;{}&#8220;]<\/p>\n<p style=\"text-align: center;\"><strong>Eine Anmeldung ist nicht erforderlich.<\/strong><\/p>\n<p>[\/et_pb_text][et_pb_text _builder_version=&#8220;4.20.4&#8243; _module_preset=&#8220;default&#8220; text_font_size=&#8220;18px&#8220; global_colors_info=&#8220;{}&#8220;]<\/p>\n<h2 style=\"text-align: center;\"><strong>Wir erwarten Sie zahlreich !<\/strong><\/h2>\n<p>[\/et_pb_text][et_pb_text _builder_version=&#8220;4.20.4&#8243; _module_preset=&#8220;default&#8220; global_colors_info=&#8220;{}&#8220;][\/et_pb_text][\/et_pb_column][\/et_pb_row][\/et_pb_section]<\/p>\n","protected":false},"excerpt":{"rendered":"<p>PICKNICK DER RVSFUm gemeinsam einen angenehmen Sommertag in idyllischer Atmosph\u00e4re, bei guter Laune und heiterer Stimmung zu verbringen, ist ein Picknick der ideale Anlass. Es ist vorgesehen am:Mittwoch, 7. August 2024beim Fussballplatz Neyruzab 10:30 UhrF\u00fcr die Verpflegung und das Geschirr ist selbst zu sorgen. Bei ung\u00fcnstiger Witterung steht ein Saal zur Verf\u00fcgung! &nbsp; Es besteht [&hellip;]<\/p>\n","protected":false},"author":2,"featured_media":0,"parent":0,"menu_order":0,"comment_status":"closed","ping_status":"closed","template":"","meta":{"_et_pb_use_builder":"on","_et_pb_old_content":"","_et_gb_content_width":"","footnotes":""},"class_list":["post-14433","page","type-page","status-publish","hentry"],"_links":{"self":[{"href":"https:\/\/aref-rvsf.ch\/de\/wp-json\/wp\/v2\/pages\/14433"}],"collection":[{"href":"https:\/\/aref-rvsf.ch\/de\/wp-json\/wp\/v2\/pages"}],"about":[{"href":"https:\/\/aref-rvsf.ch\/de\/wp-json\/wp\/v2\/types\/page"}],"author":[{"embeddable":true,"href":"https:\/\/aref-rvsf.ch\/de\/wp-json\/wp\/v2\/users\/2"}],"replies":[{"embeddable":true,"href":"https:\/\/aref-rvsf.ch\/de\/wp-json\/wp\/v2\/comments?post=14433"}],"version-history":[{"count":18,"href":"https:\/\/aref-rvsf.ch\/de\/wp-json\/wp\/v2\/pages\/14433\/revisions"}],"predecessor-version":[{"id":16658,"href":"https:\/\/aref-rvsf.ch\/de\/wp-json\/wp\/v2\/pages\/14433\/revisions\/16658"}],"wp:attachment":[{"href":"https:\/\/aref-rvsf.ch\/de\/wp-json\/wp\/v2\/media?parent=14433"}],"curies":[{"name":"wp","href":"https:\/\/api.w.org\/{rel}","templated":true}]}}