{"id":13666,"date":"2026-04-13T08:37:13","date_gmt":"2026-04-13T06:37:13","guid":{"rendered":"https:\/\/aref-rvsf.ch\/jass-match\/"},"modified":"2026-04-13T08:37:14","modified_gmt":"2026-04-13T06:37:14","slug":"jass-match","status":"publish","type":"page","link":"https:\/\/aref-rvsf.ch\/de\/jass-match\/","title":{"rendered":"Jass-Match"},"content":{"rendered":"<p>[et_pb_section fb_built=&#8220;1&#8243; _builder_version=&#8220;4.20.0&#8243; _module_preset=&#8220;default&#8220; global_colors_info=&#8220;{}&#8220;][et_pb_row _builder_version=&#8220;4.20.0&#8243; _module_preset=&#8220;default&#8220; global_colors_info=&#8220;{}&#8220;][et_pb_column type=&#8220;4_4&#8243; _builder_version=&#8220;4.20.0&#8243; _module_preset=&#8220;default&#8220; global_colors_info=&#8220;{}&#8220;][et_pb_text _builder_version=&#8220;4.20.0&#8243; _module_preset=&#8220;default&#8220; global_colors_info=&#8220;{}&#8220;]<\/p>\n<h1 class=\"entry-title main_title\"><strong>Jass-Match<\/strong><\/h1>\n<p>[\/et_pb_text][et_pb_image src=&#8220;https:\/\/aref-rvsf.ch\/wp-content\/uploads\/2021\/04\/Match-aux-cartes-2.jpg&#8220; title_text=&#8220;Match-aux-cartes-2&#8243; align=&#8220;center&#8220; _builder_version=&#8220;4.27.0&#8243; _module_preset=&#8220;default&#8220; width=&#8220;50%&#8220; min_height=&#8220;349px&#8220; global_colors_info=&#8220;{}&#8220;][\/et_pb_image][et_pb_text admin_label=&#8220;Texte&#8220; _builder_version=&#8220;4.27.0&#8243; _module_preset=&#8220;default&#8220; text_font_size=&#8220;20px&#8220; hover_enabled=&#8220;0&#8243; global_colors_info=&#8220;{}&#8220; sticky_enabled=&#8220;0&#8243;]<\/p>\n<p>Die RVSF organisiert wiederum mehrere Einzel-Jass-Matchs ohne Voranmeldung.<\/p>\n<p><strong>Daten<\/strong> :<\/p>\n<p>Mittwoch, 29. April 2026<br \/>Mittwoch,\u00a0 27. Mai 2026<br \/>Mittwoch,\u00a0 17.\u00a0 Juni 2026<\/p>\n<p><strong>Ort<\/strong> : H\u00f4tel-Restaurant l&#8217;Acacia, Marly, rte de la Gruy\u00e8re 8<\/p>\n<p><strong>Zeit<\/strong> :<br \/>13.30 Uhr : Anmeldung und Platzzuteilung<br \/>14.00 Uhr : Spielbeginn.<\/p>\n<p><strong>Ablauf<\/strong> : Das Spiel umfasst f\u00fcnf Passen zu 16 Spielen. Jeder Spieler\/jede Spielerin erh\u00e4lt einen Preis<\/p>\n<p><strong>Kosten<\/strong> : CHF 20.00 pro Person, vor Ort zu bezahlen.<\/p>\n<p><strong>M\u00f6glichkeit der Verpflegung<\/strong><br \/>Nach den f\u00fcnf Spielen, d.h. gegen 18 Uhr, besteht die M\u00f6glichkeit f\u00fcr die Teilnehmer\/innen sich mit einem Teller Spaghetti Bolognese zum Preis von CHF 10.00 zu verpflegen (Getr\u00e4nke im Preis nicht inbegriffen).<\/p>\n<p>[\/et_pb_text][\/et_pb_column][\/et_pb_row][\/et_pb_section]<\/p>\n","protected":false},"excerpt":{"rendered":"<p>Jass-Match Die RVSF organisiert wiederum mehrere Einzel-Jass-Matchs ohne Voranmeldung. Daten : Mittwoch, 29. April 2026Mittwoch,\u00a0 27. Mai 2026Mittwoch,\u00a0 17.\u00a0 Juni 2026 Ort : H\u00f4tel-Restaurant l&#8217;Acacia, Marly, rte de la Gruy\u00e8re 8 Zeit :13.30 Uhr : Anmeldung und Platzzuteilung14.00 Uhr : Spielbeginn. Ablauf : Das Spiel umfasst f\u00fcnf Passen zu 16 Spielen. Jeder Spieler\/jede Spielerin erh\u00e4lt [&hellip;]<\/p>\n","protected":false},"author":2,"featured_media":0,"parent":0,"menu_order":0,"comment_status":"closed","ping_status":"closed","template":"","meta":{"_et_pb_use_builder":"on","_et_pb_old_content":"","_et_gb_content_width":"","footnotes":""},"class_list":["post-13666","page","type-page","status-publish","hentry"],"_links":{"self":[{"href":"https:\/\/aref-rvsf.ch\/de\/wp-json\/wp\/v2\/pages\/13666"}],"collection":[{"href":"https:\/\/aref-rvsf.ch\/de\/wp-json\/wp\/v2\/pages"}],"about":[{"href":"https:\/\/aref-rvsf.ch\/de\/wp-json\/wp\/v2\/types\/page"}],"author":[{"embeddable":true,"href":"https:\/\/aref-rvsf.ch\/de\/wp-json\/wp\/v2\/users\/2"}],"replies":[{"embeddable":true,"href":"https:\/\/aref-rvsf.ch\/de\/wp-json\/wp\/v2\/comments?post=13666"}],"version-history":[{"count":52,"href":"https:\/\/aref-rvsf.ch\/de\/wp-json\/wp\/v2\/pages\/13666\/revisions"}],"predecessor-version":[{"id":20770,"href":"https:\/\/aref-rvsf.ch\/de\/wp-json\/wp\/v2\/pages\/13666\/revisions\/20770"}],"wp:attachment":[{"href":"https:\/\/aref-rvsf.ch\/de\/wp-json\/wp\/v2\/media?parent=13666"}],"curies":[{"name":"wp","href":"https:\/\/api.w.org\/{rel}","templated":true}]}}